{"id":2500,"date":"2023-12-07T13:11:01","date_gmt":"2023-12-07T13:11:01","guid":{"rendered":"http:\/\/localhost\/wordpress\/wordpress\/about-us\/"},"modified":"2026-02-24T18:51:56","modified_gmt":"2026-02-24T18:51:56","slug":"nosotros","status":"publish","type":"page","link":"https:\/\/starkguard.com\/en\/nosotros\/","title":{"rendered":"Nosotros"},"content":{"rendered":"<div data-elementor-type=\"wp-page\" data-elementor-id=\"2500\" class=\"elementor elementor-2500\" data-elementor-post-type=\"page\">\n\t\t\t\t<div class=\"elementor-element elementor-element-0d545ff e-flex e-con-boxed wpr-particle-no wpr-jarallax-no wpr-parallax-no wpr-sticky-section-no wpr-equal-height-no elementor-invisible e-con e-parent\" data-id=\"0d545ff\" data-element_type=\"container\" data-e-type=\"container\" data-settings=\"{&quot;animation&quot;:&quot;fadeIn&quot;}\">\n\t\t\t\t\t<div class=\"e-con-inner\">\n\t\t<div class=\"elementor-element elementor-element-6cf0229 e-con-full e-flex wpr-particle-no wpr-jarallax-no wpr-parallax-no wpr-sticky-section-no wpr-equal-height-no e-con e-child\" data-id=\"6cf0229\" data-element_type=\"container\" data-e-type=\"container\">\n\t\t\t\t<div class=\"elementor-element elementor-element-7f8ec69 elementor-widget__width-inherit content-align-center the7-hover-visibility-disabled preserve-img-ratio-cover transform-overlay-yes exceeding-frame-yes elementor-widget elementor-widget-the7-image-widget\" data-id=\"7f8ec69\" data-element_type=\"widget\" data-e-type=\"widget\" data-settings=\"{&quot;hover_visibility&quot;:&quot;disabled&quot;}\" data-widget_type=\"the7-image-widget.default\">\n\t\t\t\t<div class=\"elementor-widget-container\">\n\t\t\t\t\t<div class=\"the7-image-container\"><div class=\"the7-image-wrapper the7-elementor-widget the7-transform-container\"><div class=\"post-thumbnail-rollover layzr-bg img-css-resize-wrapper\"><img fetchpriority=\"high\" decoding=\"async\" width=\"1920\" height=\"1080\" src=\"data:image\/svg+xml,%3Csvg%20xmlns%3D&#039;http%3A%2F%2Fwww.w3.org%2F2000%2Fsvg&#039;%20viewBox%3D&#039;0%200%201920%201080&#039;%2F%3E\" class=\"attachment-full size-full preload-me aspect lazy lazy-load\" alt=\"\" sizes=\"(max-width: 1920px) 100vw, 1920px\" style=\"--ratio: 1920 \/ 1080;\" data-src=\"https:\/\/starkguard.com\/wp-content\/uploads\/2026\/02\/Banner-Productos.png\" loading=\"eager\" data-srcset=\"https:\/\/starkguard.com\/wp-content\/uploads\/2026\/02\/Banner-Productos.png 1920w, https:\/\/starkguard.com\/wp-content\/uploads\/2026\/02\/Banner-Productos-300x169.png 300w, https:\/\/starkguard.com\/wp-content\/uploads\/2026\/02\/Banner-Productos-1024x576.png 1024w, https:\/\/starkguard.com\/wp-content\/uploads\/2026\/02\/Banner-Productos-768x432.png 768w, https:\/\/starkguard.com\/wp-content\/uploads\/2026\/02\/Banner-Productos-1536x864.png 1536w, https:\/\/starkguard.com\/wp-content\/uploads\/2026\/02\/Banner-Productos-1500x844.png 1500w\" \/><\/div><\/div><\/div>\t\t\t\t<\/div>\n\t\t\t\t<\/div>\n\t\t\t\t<\/div>\n\t\t<div class=\"elementor-element elementor-element-8ef336e e-con-full e-flex wpr-particle-no wpr-jarallax-no wpr-parallax-no wpr-sticky-section-no wpr-equal-height-no e-con e-child\" data-id=\"8ef336e\" data-element_type=\"container\" data-e-type=\"container\">\n\t\t\t\t<div class=\"elementor-element elementor-element-7891cff elementor-widget elementor-widget-the7-heading\" data-id=\"7891cff\" data-element_type=\"widget\" data-e-type=\"widget\" data-widget_type=\"the7-heading.default\">\n\t\t\t\t<div class=\"elementor-widget-container\">\n\t\t\t\t\t<h4 class=\"the7-heading-title elementor-size-default\">At STARKGUARD, we combine innovation with passion.<\/h4>\t\t\t\t<\/div>\n\t\t\t\t<\/div>\n\t\t\t\t<\/div>\n\t\t\t\t\t<\/div>\n\t\t\t\t<\/div>\n\t\t<div class=\"elementor-element elementor-element-431cfdb e-flex e-con-boxed wpr-particle-no wpr-jarallax-no wpr-parallax-no wpr-sticky-section-no wpr-equal-height-no elementor-invisible e-con e-parent\" data-id=\"431cfdb\" data-element_type=\"container\" data-e-type=\"container\" data-settings=\"{&quot;animation&quot;:&quot;fadeIn&quot;}\">\n\t\t\t\t\t<div class=\"e-con-inner\">\n\t\t<div class=\"elementor-element elementor-element-e93689d e-con-full e-flex wpr-particle-no wpr-jarallax-no wpr-parallax-no wpr-sticky-section-no wpr-equal-height-no e-con e-child\" data-id=\"e93689d\" data-element_type=\"container\" data-e-type=\"container\">\n\t\t\t\t<div class=\"elementor-element elementor-element-879889b elementor-widget elementor-widget-heading\" data-id=\"879889b\" data-element_type=\"widget\" data-e-type=\"widget\" data-widget_type=\"heading.default\">\n\t\t\t\t\t<h2 class=\"elementor-heading-title elementor-size-default\">Somos STARKGUARD<\/h2>\t\t\t\t<\/div>\n\t\t\t\t<\/div>\n\t\t\t\t<div class=\"elementor-element elementor-element-d39d3c8 elementor-widget elementor-widget-text-editor\" data-id=\"d39d3c8\" data-element_type=\"widget\" data-e-type=\"widget\" data-widget_type=\"text-editor.default\">\n\t\t\t\t\t\t\t\t\t<p>Somos una empresa mexicana, capaz de transformar el acero en cualquier forma, enfocada en la exhibici\u00f3n, almacenamiento, organizaci\u00f3n, utilizando dise\u00f1os modernos, dise\u00f1ados para que tu <span style=\"background-color: rgba(255, 255, 255, 0);\">espacio luzca incre\u00edble.<br \/><br \/><\/span><strong style=\"background-color: rgba(255, 255, 255, 0); word-spacing: normal;\">Atenci\u00f3n personalizada \u2022 Fabricaci\u00f3n 100 % mexicana \u2022 Calidad Certificada<\/strong><\/p>\t\t\t\t\t\t\t\t<\/div>\n\t\t\t\t\t<\/div>\n\t\t\t\t<\/div>\n\t\t<div class=\"elementor-element elementor-element-22c9855 e-flex e-con-boxed wpr-particle-no wpr-jarallax-no wpr-parallax-no wpr-sticky-section-no wpr-equal-height-no e-con e-parent\" data-id=\"22c9855\" data-element_type=\"container\" data-e-type=\"container\">\n\t\t\t\t\t<div class=\"e-con-inner\">\n\t\t\t\t<div class=\"elementor-element elementor-element-44b4730 elementor-widget elementor-widget-video\" data-id=\"44b4730\" data-element_type=\"widget\" data-e-type=\"widget\" data-settings=\"{&quot;youtube_url&quot;:&quot;https:\\\/\\\/www.youtube.com\\\/watch?v=6jyIw20eiWs&quot;,&quot;autoplay&quot;:&quot;yes&quot;,&quot;mute&quot;:&quot;yes&quot;,&quot;video_type&quot;:&quot;youtube&quot;,&quot;controls&quot;:&quot;yes&quot;}\" data-widget_type=\"video.default\">\n\t\t\t\t\t\t\t<div class=\"elementor-wrapper elementor-open-inline\">\n\t\t\t<div class=\"elementor-video\"><\/div>\t\t<\/div>\n\t\t\t\t\t\t<\/div>\n\t\t\t\t\t<\/div>\n\t\t\t\t<\/div>\n\t\t<div class=\"elementor-element elementor-element-04203fd e-flex e-con-boxed wpr-particle-no wpr-jarallax-no wpr-parallax-no wpr-sticky-section-no wpr-equal-height-no elementor-invisible e-con e-parent\" data-id=\"04203fd\" data-element_type=\"container\" data-e-type=\"container\" data-settings=\"{&quot;animation&quot;:&quot;fadeIn&quot;}\">\n\t\t\t\t\t<div class=\"e-con-inner\">\n\t\t<div class=\"elementor-element elementor-element-72d2f32 e-con-full e-flex wpr-particle-no wpr-jarallax-no wpr-parallax-no wpr-sticky-section-no wpr-equal-height-no e-con e-child\" data-id=\"72d2f32\" data-element_type=\"container\" data-e-type=\"container\">\n\t\t\t\t<div class=\"elementor-element elementor-element-a77da3a elementor-widget elementor-widget-the7-heading\" data-id=\"a77da3a\" data-element_type=\"widget\" data-e-type=\"widget\" data-widget_type=\"the7-heading.default\">\n\t\t\t\t<div class=\"elementor-widget-container\">\n\t\t\t\t\t<h4 class=\"the7-heading-title elementor-size-default\">We develop premium technology in products that are ideal for everyone.<\/h4>\t\t\t\t<\/div>\n\t\t\t\t<\/div>\n\t\t\t\t<div class=\"elementor-element elementor-element-120b214 elementor-mobile-align-justify elementor-widget elementor-widget-the7_button_widget\" data-id=\"120b214\" data-element_type=\"widget\" data-e-type=\"widget\" data-widget_type=\"the7_button_widget.default\">\n\t\t\t\t<div class=\"elementor-widget-container\">\n\t\t\t\t\t<div class=\"elementor-button-wrapper\"><a href=\"https:\/\/starkguard.com\/wp-content\/uploads\/2026\/02\/Catalogo_Starkguard2026-English.pdf\" class=\"box-button elementor-button elementor-size-lg\">Catalog<\/a><\/div>\t\t\t\t<\/div>\n\t\t\t\t<\/div>\n\t\t\t\t<\/div>\n\t\t<div class=\"elementor-element elementor-element-3f013fd e-con-full e-flex wpr-particle-no wpr-jarallax-no wpr-parallax-no wpr-sticky-section-no wpr-equal-height-no e-con e-child\" data-id=\"3f013fd\" data-element_type=\"container\" data-e-type=\"container\">\n\t\t\t\t<div class=\"elementor-element elementor-element-51d50a4 elementor-widget__width-inherit content-align-center the7-hover-visibility-disabled preserve-img-ratio-cover transform-overlay-yes exceeding-frame-yes elementor-widget elementor-widget-the7-image-widget\" data-id=\"51d50a4\" data-element_type=\"widget\" data-e-type=\"widget\" data-settings=\"{&quot;hover_visibility&quot;:&quot;disabled&quot;}\" data-widget_type=\"the7-image-widget.default\">\n\t\t\t\t<div class=\"elementor-widget-container\">\n\t\t\t\t\t<div class=\"the7-image-container\"><div class=\"the7-image-wrapper the7-elementor-widget the7-transform-container\"><div class=\"post-thumbnail-rollover layzr-bg img-css-resize-wrapper\"><img decoding=\"async\" width=\"1000\" height=\"1500\" src=\"data:image\/svg+xml,%3Csvg%20xmlns%3D&#039;http%3A%2F%2Fwww.w3.org%2F2000%2Fsvg&#039;%20viewBox%3D&#039;0%200%201000%201500&#039;%2F%3E\" class=\"attachment-full size-full preload-me aspect lazy lazy-load\" alt=\"\" sizes=\"(max-width: 1000px) 100vw, 1000px\" style=\"--ratio: 1000 \/ 1500;\" data-src=\"https:\/\/starkguard.com\/wp-content\/uploads\/2026\/02\/Diseno-Banner-Vertical.png\" loading=\"eager\" data-srcset=\"https:\/\/starkguard.com\/wp-content\/uploads\/2026\/02\/Diseno-Banner-Vertical.png 1000w, https:\/\/starkguard.com\/wp-content\/uploads\/2026\/02\/Diseno-Banner-Vertical-200x300.png 200w, https:\/\/starkguard.com\/wp-content\/uploads\/2026\/02\/Diseno-Banner-Vertical-683x1024.png 683w, https:\/\/starkguard.com\/wp-content\/uploads\/2026\/02\/Diseno-Banner-Vertical-768x1152.png 768w\" \/><\/div><\/div><\/div>\t\t\t\t<\/div>\n\t\t\t\t<\/div>\n\t\t\t\t<\/div>\n\t\t\t\t\t<\/div>\n\t\t\t\t<\/div>\n\t\t<div class=\"elementor-element elementor-element-31d44a5 e-grid e-con-boxed wpr-particle-no wpr-jarallax-no wpr-parallax-no wpr-sticky-section-no wpr-equal-height-no e-con e-child\" data-id=\"31d44a5\" data-element_type=\"container\" data-e-type=\"container\">\n\t\t\t\t\t<div class=\"e-con-inner\">\n\t\t<div class=\"elementor-element elementor-element-7b03a61 e-flex e-con-boxed wpr-particle-no wpr-jarallax-no wpr-parallax-no wpr-sticky-section-no wpr-equal-height-no e-con e-child\" data-id=\"7b03a61\" data-element_type=\"container\" data-e-type=\"container\">\n\t\t\t\t\t<div class=\"e-con-inner\">\n\t\t\t\t<div class=\"elementor-element elementor-element-a82721c elementor-align-left elementor-widget elementor-widget-the7_icon_widget\" data-id=\"a82721c\" data-element_type=\"widget\" data-e-type=\"widget\" data-widget_type=\"the7_icon_widget.default\">\n\t\t\t\t<div class=\"elementor-widget-container\">\n\t\t\t\t\t<div class=\"the7-icon-wrapper the7-elementor-widget\"><div class=\"elementor-icon\"><svg xmlns=\"http:\/\/www.w3.org\/2000\/svg\" id=\"Layer_1\" data-name=\"Layer 1\" viewbox=\"0 0 24 24\" stroke-width=\"1\" width=\"48\" height=\"48\"><defs><style>.cls-63ce749bea57ea6c83800618-1{fill:none;stroke:currentColor;stroke-miterlimit:10;}<\/style><\/defs><polyline class=\"cls-63ce749bea57ea6c83800618-1\" points=\"6.64 4.18 10.66 8.2 17.36 1.5\"><\/polyline><path class=\"cls-63ce749bea57ea6c83800618-1\" d=\"M14.87,20.63A2.88,2.88,0,0,0,12,17.76h0a2.88,2.88,0,0,0-2.87,2.87V23.5\"><\/path><circle class=\"cls-63ce749bea57ea6c83800618-1\" cx=\"12\" cy=\"13.93\" r=\"1.91\"><\/circle><circle class=\"cls-63ce749bea57ea6c83800618-1\" cx=\"19.65\" cy=\"15.85\" r=\"1.91\"><\/circle><path class=\"cls-63ce749bea57ea6c83800618-1\" d=\"M1.48,23.5v-1a2.87,2.87,0,0,1,2.87-2.87h0a2.88,2.88,0,0,1,2.87,2.87v1\"><\/path><path class=\"cls-63ce749bea57ea6c83800618-1\" d=\"M16.78,23.5v-1a2.88,2.88,0,0,1,2.87-2.87h0a2.87,2.87,0,0,1,2.87,2.87v1\"><\/path><circle class=\"cls-63ce749bea57ea6c83800618-1\" cx=\"4.35\" cy=\"15.85\" r=\"1.91\"><\/circle><line class=\"cls-63ce749bea57ea6c83800618-1\" x1=\"14.87\" y1=\"20.63\" x2=\"14.87\" y2=\"23.5\"><\/line><\/svg><\/div><\/div>\t\t\t\t<\/div>\n\t\t\t\t<\/div>\n\t\t\t\t<div class=\"elementor-element elementor-element-a16c92e elementor-widget elementor-widget-the7-heading\" data-id=\"a16c92e\" data-element_type=\"widget\" data-e-type=\"widget\" data-widget_type=\"the7-heading.default\">\n\t\t\t\t<div class=\"elementor-widget-container\">\n\t\t\t\t\t<h4 class=\"the7-heading-title elementor-size-default\">Nosotros<\/h4>\t\t\t\t<\/div>\n\t\t\t\t<\/div>\n\t\t\t\t<div class=\"elementor-element elementor-element-53431ab elementor-widget elementor-widget-text-editor\" data-id=\"53431ab\" data-element_type=\"widget\" data-e-type=\"widget\" data-widget_type=\"text-editor.default\">\n\t\t\t\t\t\t\t\t\t<p>Donde la m\u00edstica se transforma en acero y la excelencia en progresos.<\/p>\t\t\t\t\t\t\t\t<\/div>\n\t\t\t\t\t<\/div>\n\t\t\t\t<\/div>\n\t\t<div class=\"elementor-element elementor-element-4c39577 e-flex e-con-boxed wpr-particle-no wpr-jarallax-no wpr-parallax-no wpr-sticky-section-no wpr-equal-height-no e-con e-child\" data-id=\"4c39577\" data-element_type=\"container\" data-e-type=\"container\">\n\t\t\t\t\t<div class=\"e-con-inner\">\n\t\t\t\t<div class=\"elementor-element elementor-element-026d3a3 elementor-align-left elementor-widget elementor-widget-the7_icon_widget\" data-id=\"026d3a3\" data-element_type=\"widget\" data-e-type=\"widget\" data-widget_type=\"the7_icon_widget.default\">\n\t\t\t\t<div class=\"elementor-widget-container\">\n\t\t\t\t\t<div class=\"the7-icon-wrapper the7-elementor-widget\"><div class=\"elementor-icon\"><svg xmlns=\"http:\/\/www.w3.org\/2000\/svg\" viewbox=\"0 0 24 24\" stroke-width=\"1\" width=\"48\" height=\"48\"><defs><style>.cls-6375f1aeb67f094e4896ca1c-1{fill:none;stroke:currentColor;stroke-miterlimit:10;}<\/style><\/defs><g id=\"presentation_analysis\" data-name=\"presentation analysis\"><polyline class=\"cls-6375f1aeb67f094e4896ca1c-1\" points=\"7.21 12.02 11.04 8.19 12.96 10.1 16.79 6.27\"><\/polyline><line class=\"cls-6375f1aeb67f094e4896ca1c-1\" x1=\"0.5\" y1=\"1.48\" x2=\"23.5\" y2=\"1.48\"><\/line><line class=\"cls-6375f1aeb67f094e4896ca1c-1\" x1=\"0.5\" y1=\"15.85\" x2=\"23.5\" y2=\"15.85\"><\/line><rect class=\"cls-6375f1aeb67f094e4896ca1c-1\" x=\"2.42\" y=\"1.48\" width=\"19.17\" height=\"14.38\"><\/rect><line class=\"cls-6375f1aeb67f094e4896ca1c-1\" x1=\"12\" y1=\"16.81\" x2=\"12\" y2=\"23.52\"><\/line><polyline class=\"cls-6375f1aeb67f094e4896ca1c-1\" points=\"8.17 23.52 8.17 22.56 12 19.69\"><\/polyline><polyline class=\"cls-6375f1aeb67f094e4896ca1c-1\" points=\"15.83 23.52 15.83 22.56 12 19.69\"><\/polyline><\/g><\/svg><\/div><\/div>\t\t\t\t<\/div>\n\t\t\t\t<\/div>\n\t\t\t\t<div class=\"elementor-element elementor-element-75cc687 elementor-widget elementor-widget-the7-heading\" data-id=\"75cc687\" data-element_type=\"widget\" data-e-type=\"widget\" data-widget_type=\"the7-heading.default\">\n\t\t\t\t<div class=\"elementor-widget-container\">\n\t\t\t\t\t<h4 class=\"the7-heading-title elementor-size-default\">Inovaci\u00f3n<\/h4>\t\t\t\t<\/div>\n\t\t\t\t<\/div>\n\t\t\t\t<div class=\"elementor-element elementor-element-084b1ef elementor-widget elementor-widget-text-editor\" data-id=\"084b1ef\" data-element_type=\"widget\" data-e-type=\"widget\" data-widget_type=\"text-editor.default\">\n\t\t\t\t\t\t\t\t\t<p data-start=\"129\" data-end=\"216\">Tecnolog\u00eda avanzada que impulsa soluciones resistentes y eficientes.<\/p>\t\t\t\t\t\t\t\t<\/div>\n\t\t\t\t\t<\/div>\n\t\t\t\t<\/div>\n\t\t<div class=\"elementor-element elementor-element-2eda2ca e-flex e-con-boxed wpr-particle-no wpr-jarallax-no wpr-parallax-no wpr-sticky-section-no wpr-equal-height-no e-con e-child\" data-id=\"2eda2ca\" data-element_type=\"container\" data-e-type=\"container\">\n\t\t\t\t\t<div class=\"e-con-inner\">\n\t\t\t\t<div class=\"elementor-element elementor-element-e0a8318 elementor-align-left elementor-widget elementor-widget-the7_icon_widget\" data-id=\"e0a8318\" data-element_type=\"widget\" data-e-type=\"widget\" data-widget_type=\"the7_icon_widget.default\">\n\t\t\t\t<div class=\"elementor-widget-container\">\n\t\t\t\t\t<div class=\"the7-icon-wrapper the7-elementor-widget\"><div class=\"elementor-icon\"><svg xmlns=\"http:\/\/www.w3.org\/2000\/svg\" stroke-width=\"1\" viewbox=\"0 0 22.91 22.91\" width=\"48\" height=\"48\"><g id=\"like-thumbs-up-sticker\" transform=\"translate(-0.545 -0.545)\"><path id=\"Path_9\" data-name=\"Path 9\" d=\"M22.5,12c0,.9-1.1,1.64-1.32,2.46s.35,2.05-.08,2.79-1.77.85-2.38,1.47-.71,1.94-1.47,2.37-1.94-.14-2.79.09S12.89,22.5,12,22.5s-1.63-1.1-2.46-1.32-2,.35-2.79-.09-.85-1.76-1.47-2.37S3.34,18,2.9,17.25s.15-1.93-.08-2.79S1.5,12.9,1.5,12s1.1-1.64,1.32-2.46-.35-2,.08-2.79S4.66,5.9,5.28,5.28,6,3.34,6.75,2.9s1.93.15,2.79-.08S11.1,1.5,12,1.5s1.64,1.1,2.46,1.32,2-.35,2.79.08.85,1.76,1.47,2.38S20.66,6,21.1,6.75s-.15,1.93.08,2.79S22.5,11.1,22.5,12Z\" fill=\"none\" stroke=\"currentColor\" stroke-linecap=\"square\" stroke-miterlimit=\"10\"><\/path><line id=\"Line_7\" data-name=\"Line 7\" y1=\"8.59\" transform=\"translate(7.23 8.18)\" fill=\"none\" stroke=\"currentColor\" stroke-miterlimit=\"10\"><\/line><path id=\"Path_10\" data-name=\"Path 10\" d=\"M7.16,14.86h1l1.91,1h4.4a1.7,1.7,0,0,0,1.65-1.29l.58-2.33a1.4,1.4,0,0,0,.05-.41h0a1.7,1.7,0,0,0-1.7-1.7H13l.67-1.34a2.65,2.65,0,0,0,.29-1.2h0a1.27,1.27,0,0,0-1.27-1.28h0a1.28,1.28,0,0,0-1,.51L9.14,10.09H7.23\" fill=\"none\" stroke=\"currentColor\" stroke-miterlimit=\"10\"><\/path><\/g><\/svg><\/div><\/div>\t\t\t\t<\/div>\n\t\t\t\t<\/div>\n\t\t\t\t<div class=\"elementor-element elementor-element-844dc29 elementor-widget elementor-widget-the7-heading\" data-id=\"844dc29\" data-element_type=\"widget\" data-e-type=\"widget\" data-widget_type=\"the7-heading.default\">\n\t\t\t\t<div class=\"elementor-widget-container\">\n\t\t\t\t\t<h4 class=\"the7-heading-title elementor-size-default\">Calidad<\/h4>\t\t\t\t<\/div>\n\t\t\t\t<\/div>\n\t\t\t\t<div class=\"elementor-element elementor-element-834083c elementor-widget elementor-widget-text-editor\" data-id=\"834083c\" data-element_type=\"widget\" data-e-type=\"widget\" data-widget_type=\"text-editor.default\">\n\t\t\t\t\t\t\t\t\t<p data-start=\"218\" data-end=\"299\">Excelencia en cada detalle para productos duraderos y confiables.<\/p>\t\t\t\t\t\t\t\t<\/div>\n\t\t\t\t\t<\/div>\n\t\t\t\t<\/div>\n\t\t\t\t\t<\/div>\n\t\t\t\t<\/div>\n\t\t<div class=\"elementor-element elementor-element-022d1ce e-flex e-con-boxed wpr-particle-no wpr-jarallax-no wpr-parallax-no wpr-sticky-section-no wpr-equal-height-no e-con e-parent\" data-id=\"022d1ce\" data-element_type=\"container\" data-e-type=\"container\">\n\t\t\t\t\t<div class=\"e-con-inner\">\n\t\t\t\t<div class=\"elementor-element elementor-element-1077a73 elementor-widget elementor-widget-video\" data-id=\"1077a73\" data-element_type=\"widget\" data-e-type=\"widget\" data-settings=\"{&quot;youtube_url&quot;:&quot;https:\\\/\\\/www.youtube.com\\\/watch?v=68yuUlP_wFg&quot;,&quot;autoplay&quot;:&quot;yes&quot;,&quot;mute&quot;:&quot;yes&quot;,&quot;video_type&quot;:&quot;youtube&quot;,&quot;controls&quot;:&quot;yes&quot;}\" data-widget_type=\"video.default\">\n\t\t\t\t\t\t\t<div class=\"elementor-wrapper elementor-open-inline\">\n\t\t\t<div class=\"elementor-video\"><\/div>\t\t<\/div>\n\t\t\t\t\t\t<\/div>\n\t\t\t\t\t<\/div>\n\t\t\t\t<\/div>\n\t\t\t\t<\/div>","protected":false},"excerpt":{"rendered":"<p>En STARKGUARD combinamos innovaci\u00f3n con pasi\u00f3n. Somos STARKGUARD Somos una empresa mexicana, capaz de transformar el acero en cualquier forma, enfocada en la exhibici\u00f3n, almacenamiento, organizaci\u00f3n, utilizando dise\u00f1os modernos, dise\u00f1ados para que tu espacio luzca incre\u00edble. Atenci\u00f3n personalizada \u2022 Fabricaci\u00f3n 100 % mexicana \u2022 Calidad Certificada https:\/\/www.youtube.com\/watch?v=6jyIw20eiWs Desarrollamos tecnolog\u00eda premium en productos ideales para todos. Cat\u00e1logo Nosotros Donde la m\u00edstica se transforma en acero y la excelencia en progresos. Inovaci\u00f3n Tecnolog\u00eda avanzada que impulsa soluciones resistentes y eficientes. Calidad Excelencia en cada detalle para productos duraderos y confiables. https:\/\/www.youtube.com\/watch?v=68yuUlP_wFg<\/p>","protected":false},"author":1,"featured_media":0,"parent":0,"menu_order":30,"comment_status":"closed","ping_status":"closed","template":"","meta":{"footnotes":""},"class_list":["post-2500","page","type-page","status-publish","hentry"],"_links":{"self":[{"href":"https:\/\/starkguard.com\/en\/wp-json\/wp\/v2\/pages\/2500","targetHints":{"allow":["GET"]}}],"collection":[{"href":"https:\/\/starkguard.com\/en\/wp-json\/wp\/v2\/pages"}],"about":[{"href":"https:\/\/starkguard.com\/en\/wp-json\/wp\/v2\/types\/page"}],"author":[{"embeddable":true,"href":"https:\/\/starkguard.com\/en\/wp-json\/wp\/v2\/users\/1"}],"replies":[{"embeddable":true,"href":"https:\/\/starkguard.com\/en\/wp-json\/wp\/v2\/comments?post=2500"}],"version-history":[{"count":41,"href":"https:\/\/starkguard.com\/en\/wp-json\/wp\/v2\/pages\/2500\/revisions"}],"predecessor-version":[{"id":4620,"href":"https:\/\/starkguard.com\/en\/wp-json\/wp\/v2\/pages\/2500\/revisions\/4620"}],"wp:attachment":[{"href":"https:\/\/starkguard.com\/en\/wp-json\/wp\/v2\/media?parent=2500"}],"curies":[{"name":"wp","href":"https:\/\/api.w.org\/{rel}","templated":true}]}}