{"id":2998,"date":"2023-12-12T15:21:56","date_gmt":"2023-12-12T15:21:56","guid":{"rendered":"http:\/\/localhost\/wordpress\/wordpress\/news\/"},"modified":"2026-02-10T21:33:07","modified_gmt":"2026-02-10T21:33:07","slug":"blog","status":"publish","type":"page","link":"https:\/\/starkguard.com\/en\/blog\/","title":{"rendered":"Blog Starkguard"},"content":{"rendered":"<div data-elementor-type=\"wp-page\" data-elementor-id=\"2998\" class=\"elementor elementor-2998\" data-elementor-post-type=\"page\">\n\t\t\t\t<div class=\"elementor-element elementor-element-2688943 e-flex e-con-boxed wpr-particle-no wpr-jarallax-no wpr-parallax-no wpr-sticky-section-no wpr-equal-height-no elementor-invisible e-con e-parent\" data-id=\"2688943\" data-element_type=\"container\" data-e-type=\"container\" data-settings=\"{&quot;animation&quot;:&quot;fadeIn&quot;}\">\n\t\t\t\t\t<div class=\"e-con-inner\">\n\t\t\t\t<div class=\"elementor-element elementor-element-85fe662 elementor-widget-tablet__width-initial elementor-widget-loop-the7-post-loop elementor-widget elementor-widget-the7-post-loop\" data-id=\"85fe662\" data-element_type=\"widget\" data-e-type=\"widget\" data-settings=\"{&quot;template_id&quot;:2934,&quot;columns_gap&quot;:{&quot;unit&quot;:&quot;px&quot;,&quot;size&quot;:90,&quot;sizes&quot;:[]},&quot;rows_gap&quot;:{&quot;unit&quot;:&quot;px&quot;,&quot;size&quot;:90,&quot;sizes&quot;:[]},&quot;columns&quot;:1,&quot;columns_tablet&quot;:1,&quot;columns_mobile&quot;:1,&quot;columns_gap_tablet&quot;:{&quot;unit&quot;:&quot;px&quot;,&quot;size&quot;:&quot;&quot;,&quot;sizes&quot;:[]},&quot;columns_gap_mobile&quot;:{&quot;unit&quot;:&quot;px&quot;,&quot;size&quot;:&quot;&quot;,&quot;sizes&quot;:[]},&quot;rows_gap_tablet&quot;:{&quot;unit&quot;:&quot;px&quot;,&quot;size&quot;:&quot;&quot;,&quot;sizes&quot;:[]},&quot;rows_gap_mobile&quot;:{&quot;unit&quot;:&quot;px&quot;,&quot;size&quot;:&quot;&quot;,&quot;sizes&quot;:[]},&quot;show_categories_filter&quot;:&quot;hide&quot;}\" data-widget_type=\"the7-post-loop.post\">\n\t\t\t\t<div class=\"elementor-widget-container\">\n\t\t\t\t\t\t\t<div class=\"the7-elementor-widget loading-effect-none\" data-post-limit=\"6\" data-pagination-mode=\"standard\" data-paged=\"1\">\n\t\t\t\t\t\t<div class=\"sGrid-container elementor-loop-container\">\n\t\t\t\t<style id=\"loop-2934\">.elementor-2934 .elementor-element.elementor-element-3e87fc2{--display:flex;--flex-direction:row;--container-widget-width:initial;--container-widget-height:100%;--container-widget-flex-grow:1;--container-widget-align-self:stretch;--flex-wrap-mobile:wrap;--gap:60px 60px;--row-gap:60px;--column-gap:60px;--padding-top:0px;--padding-bottom:0px;--padding-left:0px;--padding-right:0px;}.elementor-2934 .elementor-element.elementor-element-abf10f8{--display:flex;--padding-top:0px;--padding-bottom:0px;--padding-left:0px;--padding-right:0px;}.elementor-2934 .elementor-element.elementor-element-8f13f47 .the7-image-container{align-items:flex-start;text-align:left;}.elementor-2934 .elementor-element.elementor-element-8f13f47{--overlay-opacity:0;--overlay-display:none;--overlay-hover-opacity:0;--the7-img-object-fit:var(--object-fit);--the7-img-width:var(--ratio-img-width);--the7-img-height:var(--ratio-img-height);--the7-img-max-height:var(--max-height);--the7-img-max-width:var(--max-width);--box-width:var(--image-size, var(--ratio-img-width));--the7-img-ratio:var(--aspect-ratio, var(--ratio));--aspect-ratio:1.5;--object-fit:cover;--ratio-img-width:100%;--svg-width:100%;--height:100%;--max-height:100%;--max-width:100%;--transition-overlay-timing:ease-out;--transition-overlay-duration:300ms;--transition-overlay-duration-out:300ms;--transition-img-forward-duration:300ms;--transition-img-back-duration:300ms;}.elementor-2934 .elementor-element.elementor-element-8f13f47 .the7-image-wrapper{max-width:100%;}.elementor-2934 .elementor-element.elementor-element-8f13f47 .the7-image-wrapper, .elementor-2934 .elementor-element.elementor-element-8f13f47 .post-thumbnail-rollover, .elementor-2934 .elementor-element.elementor-element-8f13f47 .post-thumbnail-rollover img{border-radius:20px 20px 20px 20px;}.elementor-2934 .elementor-element.elementor-element-8f13f47 .post-thumbnail-rollover img{opacity:calc(100\/100);}\n\t\t\t\t\t.elementor-2934 .elementor-element.elementor-element-8f13f47 .the7-image-wrapper:hover img {opacity:calc(100\/100);}.elementor-2934 .elementor-element.elementor-element-8f13f47 .the7-transform-container:hover{--the7-transform-scale:1.05;}.elementor-2934 .elementor-element.elementor-element-1ad4269{--display:flex;--justify-content:flex-start;--gap:0px 0px;--row-gap:0px;--column-gap:0px;--padding-top:0px;--padding-bottom:0px;--padding-left:0px;--padding-right:0px;}.elementor-2934 .elementor-element.elementor-element-30bad95 .the7-heading-title{font-family:var( --e-global-typography-el_content_2-font-family ), Sans-serif;font-size:var( --e-global-typography-el_content_2-font-size );font-weight:var( --e-global-typography-el_content_2-font-weight );line-height:var( --e-global-typography-el_content_2-line-height );color:var( --e-global-color-el_color_7_2 );text-decoration-style:solid;}.elementor-2934 .elementor-element.elementor-element-30bad95 > .elementor-widget-container{margin:0px 0px 20px 0px;}.elementor-2934 .elementor-element.elementor-element-8a094f5 .the7-heading-title{font-family:var( --e-global-typography-el_title_3-font-family ), Sans-serif;font-size:var( --e-global-typography-el_title_3-font-size );font-weight:var( --e-global-typography-el_title_3-font-weight );line-height:var( --e-global-typography-el_title_3-line-height );text-decoration-style:solid;}.elementor-2934 .elementor-element.elementor-element-8a094f5 .the7-heading-title:hover, .elementor-2934 .elementor-element.elementor-element-8a094f5 .the7-heading-title:hover a{color:var( --e-global-color-el_color_1 );}.elementor-2934 .elementor-element.elementor-element-8a094f5 > .elementor-widget-container{margin:0px 0px 0px 0px;}.elementor-2934 .elementor-element.elementor-element-a1fea8f{margin:20px 0px calc(var(--kit-widget-spacing, 0px) + 0px) 0px;}.elementor-2934 .elementor-element.elementor-element-d94bf03{--box-button-width:130px;}.elementor-2934 .elementor-element.elementor-element-d94bf03 .box-button{min-width:130px;}.elementor-2934 .elementor-element.elementor-element-d94bf03 > .elementor-widget-container{margin:20px 0px 0px 0px;}@media(max-width:1024px){.elementor-2934 .elementor-element.elementor-element-3e87fc2{--flex-direction:column;--container-widget-width:100%;--container-widget-height:initial;--container-widget-flex-grow:0;--container-widget-align-self:initial;--flex-wrap-mobile:wrap;--gap:30px 30px;--row-gap:30px;--column-gap:30px;}.elementor-2934 .elementor-element.elementor-element-30bad95 .the7-heading-title{font-size:var( --e-global-typography-el_content_2-font-size );line-height:var( --e-global-typography-el_content_2-line-height );}.elementor-2934 .elementor-element.elementor-element-8a094f5 .the7-heading-title{font-size:var( --e-global-typography-el_title_3-font-size );line-height:var( --e-global-typography-el_title_3-line-height );}}@media(max-width:767px){.elementor-2934 .elementor-element.elementor-element-30bad95 .the7-heading-title{font-size:var( --e-global-typography-el_content_2-font-size );line-height:var( --e-global-typography-el_content_2-line-height );}.elementor-2934 .elementor-element.elementor-element-8a094f5 .the7-heading-title{font-size:var( --e-global-typography-el_title_3-font-size );line-height:var( --e-global-typography-el_title_3-line-height );}}<\/style>\t\t<div data-elementor-type=\"loop-item\" data-elementor-id=\"2934\" class=\"elementor elementor-2934 visible wf-cell e-loop-item e-loop-item-4601 post-4601 post type-post status-publish format-standard has-post-thumbnail hentry category-sin-categoria\" data-elementor-post-type=\"elementor_library\" post-id=\"4601\" date=\"2026-02-27T14:17:02+00:00\" name=\"Nuestra experiencia en el International Builders&#039; Show 2026: m\u00e1s que una exposici\u00f3n, una conexi\u00f3n real\" data-custom-edit-handle=\"1\">\n\t\t\t<div class=\"elementor-element elementor-element-3e87fc2 e-flex e-con-boxed wpr-particle-no wpr-jarallax-no wpr-parallax-no wpr-sticky-section-no wpr-equal-height-no e-con e-parent\" data-id=\"3e87fc2\" data-element_type=\"container\" data-e-type=\"container\">\n\t\t\t\t\t<div class=\"e-con-inner\">\n\t\t<div class=\"elementor-element elementor-element-abf10f8 e-flex e-con-boxed wpr-particle-no wpr-jarallax-no wpr-parallax-no wpr-sticky-section-no wpr-equal-height-no e-con e-child\" data-id=\"abf10f8\" data-element_type=\"container\" data-e-type=\"container\">\n\t\t\t\t\t<div class=\"e-con-inner\">\n\t\t\t\t<div class=\"elementor-element elementor-element-8f13f47 content-align-left the7-hover-visibility-disabled preserve-img-ratio-cover transform-overlay-yes elementor-widget elementor-widget-the7-image-widget\" data-id=\"8f13f47\" data-element_type=\"widget\" data-e-type=\"widget\" data-settings=\"{&quot;hover_visibility&quot;:&quot;disabled&quot;}\" data-widget_type=\"the7-image-widget.default\">\n\t\t\t\t<div class=\"elementor-widget-container\">\n\t\t\t\t\t<div class=\"the7-image-container\"><div class=\"the7-image-wrapper the7-elementor-widget the7-transform-container\"><a class=\"post-thumbnail-rollover layzr-bg img-css-resize-wrapper\" href=\"https:\/\/starkguard.com\/en\/nuestra-experiencia-en-el-international-builders-show-2026-mas-que-una-exposicion-una-conexion-real\/\"><img fetchpriority=\"high\" decoding=\"async\" width=\"940\" height=\"705\" src=\"data:image\/svg+xml,%3Csvg%20xmlns%3D&#039;http%3A%2F%2Fwww.w3.org%2F2000%2Fsvg&#039;%20viewBox%3D&#039;0%200%20940%20705&#039;%2F%3E\" class=\"attachment-full size-full preload-me aspect lazy lazy-load\" alt=\"\" sizes=\"(max-width: 940px) 100vw, 940px\" style=\"--ratio: 940 \/ 705;\" data-src=\"https:\/\/starkguard.com\/wp-content\/uploads\/2026\/02\/IBS-CHARLY.png\" loading=\"eager\" data-srcset=\"https:\/\/starkguard.com\/wp-content\/uploads\/2026\/02\/IBS-CHARLY.png 940w, https:\/\/starkguard.com\/wp-content\/uploads\/2026\/02\/IBS-CHARLY-300x225.png 300w, https:\/\/starkguard.com\/wp-content\/uploads\/2026\/02\/IBS-CHARLY-768x576.png 768w\" \/><\/a><\/div><\/div>\t\t\t\t<\/div>\n\t\t\t\t<\/div>\n\t\t\t\t\t<\/div>\n\t\t\t\t<\/div>\n\t\t<div class=\"elementor-element elementor-element-1ad4269 e-flex e-con-boxed wpr-particle-no wpr-jarallax-no wpr-parallax-no wpr-sticky-section-no wpr-equal-height-no e-con e-child\" data-id=\"1ad4269\" data-element_type=\"container\" data-e-type=\"container\">\n\t\t\t\t\t<div class=\"e-con-inner\">\n\t\t\t\t<div class=\"elementor-element elementor-element-30bad95 elementor-widget elementor-widget-the7-heading\" data-id=\"30bad95\" data-element_type=\"widget\" data-e-type=\"widget\" data-widget_type=\"the7-heading.default\">\n\t\t\t\t<div class=\"elementor-widget-container\">\n\t\t\t\t\t<p class=\"the7-heading-title elementor-size-default\">27 February, 2026<\/p>\t\t\t\t<\/div>\n\t\t\t\t<\/div>\n\t\t\t\t<div class=\"elementor-element elementor-element-8a094f5 elementor-widget elementor-widget-the7-heading\" data-id=\"8a094f5\" data-element_type=\"widget\" data-e-type=\"widget\" data-widget_type=\"the7-heading.default\">\n\t\t\t\t<div class=\"elementor-widget-container\">\n\t\t\t\t\t<h3 class=\"the7-heading-title elementor-size-default\"><a href=\"https:\/\/starkguard.com\/en\/nuestra-experiencia-en-el-international-builders-show-2026-mas-que-una-exposicion-una-conexion-real\/\">Nuestra experiencia en el International Builders&#8217; Show 2026: m\u00e1s que una exposici\u00f3n, una conexi\u00f3n real<\/a><\/h3>\t\t\t\t<\/div>\n\t\t\t\t<\/div>\n\t\t\t\t<div class=\"elementor-element elementor-element-d94bf03 elementor-widget elementor-widget-the7_button_widget\" data-id=\"d94bf03\" data-element_type=\"widget\" data-e-type=\"widget\" data-widget_type=\"the7_button_widget.default\">\n\t\t\t\t<div class=\"elementor-widget-container\">\n\t\t\t\t\t<div class=\"elementor-button-wrapper\"><a href=\"https:\/\/starkguard.com\/en\/nuestra-experiencia-en-el-international-builders-show-2026-mas-que-una-exposicion-una-conexion-real\/\" class=\"box-button elementor-button elementor-size-sm\">Learn more<\/a><\/div>\t\t\t\t<\/div>\n\t\t\t\t<\/div>\n\t\t\t\t\t<\/div>\n\t\t\t\t<\/div>\n\t\t\t\t\t<\/div>\n\t\t\t\t<\/div>\n\t\t\t\t<\/div>\n\t\t\t\t<div data-elementor-type=\"loop-item\" data-elementor-id=\"2934\" class=\"elementor elementor-2934 visible wf-cell e-loop-item e-loop-item-4504 post-4504 post type-post status-publish format-standard has-post-thumbnail hentry category-sin-categoria\" data-elementor-post-type=\"elementor_library\" post-id=\"4504\" date=\"2026-02-24T23:02:52+00:00\" name=\"Una noche que celebra la excelencia de la industria automotriz\" data-custom-edit-handle=\"1\">\n\t\t\t<div class=\"elementor-element elementor-element-3e87fc2 e-flex e-con-boxed wpr-particle-no wpr-jarallax-no wpr-parallax-no wpr-sticky-section-no wpr-equal-height-no e-con e-parent\" data-id=\"3e87fc2\" data-element_type=\"container\" data-e-type=\"container\">\n\t\t\t\t\t<div class=\"e-con-inner\">\n\t\t<div class=\"elementor-element elementor-element-abf10f8 e-flex e-con-boxed wpr-particle-no wpr-jarallax-no wpr-parallax-no wpr-sticky-section-no wpr-equal-height-no e-con e-child\" data-id=\"abf10f8\" data-element_type=\"container\" data-e-type=\"container\">\n\t\t\t\t\t<div class=\"e-con-inner\">\n\t\t\t\t<div class=\"elementor-element elementor-element-8f13f47 content-align-left the7-hover-visibility-disabled preserve-img-ratio-cover transform-overlay-yes elementor-widget elementor-widget-the7-image-widget\" data-id=\"8f13f47\" data-element_type=\"widget\" data-e-type=\"widget\" data-settings=\"{&quot;hover_visibility&quot;:&quot;disabled&quot;}\" data-widget_type=\"the7-image-widget.default\">\n\t\t\t\t<div class=\"elementor-widget-container\">\n\t\t\t\t\t<div class=\"the7-image-container\"><div class=\"the7-image-wrapper the7-elementor-widget the7-transform-container\"><a class=\"post-thumbnail-rollover layzr-bg img-css-resize-wrapper\" href=\"https:\/\/starkguard.com\/en\/una-noche-que-celebra-la-excelencia-de-la-industria-automotriz\/\"><img decoding=\"async\" width=\"940\" height=\"705\" src=\"data:image\/svg+xml,%3Csvg%20xmlns%3D&#039;http%3A%2F%2Fwww.w3.org%2F2000%2Fsvg&#039;%20viewBox%3D&#039;0%200%20940%20705&#039;%2F%3E\" class=\"attachment-full size-full preload-me aspect lazy lazy-load\" alt=\"\" sizes=\"(max-width: 940px) 100vw, 940px\" style=\"--ratio: 940 \/ 705;\" data-src=\"https:\/\/starkguard.com\/wp-content\/uploads\/2026\/02\/2-2.png\" loading=\"eager\" data-srcset=\"https:\/\/starkguard.com\/wp-content\/uploads\/2026\/02\/2-2.png 940w, https:\/\/starkguard.com\/wp-content\/uploads\/2026\/02\/2-2-300x225.png 300w, https:\/\/starkguard.com\/wp-content\/uploads\/2026\/02\/2-2-768x576.png 768w\" \/><\/a><\/div><\/div>\t\t\t\t<\/div>\n\t\t\t\t<\/div>\n\t\t\t\t\t<\/div>\n\t\t\t\t<\/div>\n\t\t<div class=\"elementor-element elementor-element-1ad4269 e-flex e-con-boxed wpr-particle-no wpr-jarallax-no wpr-parallax-no wpr-sticky-section-no wpr-equal-height-no e-con e-child\" data-id=\"1ad4269\" data-element_type=\"container\" data-e-type=\"container\">\n\t\t\t\t\t<div class=\"e-con-inner\">\n\t\t\t\t<div class=\"elementor-element elementor-element-30bad95 elementor-widget elementor-widget-the7-heading\" data-id=\"30bad95\" data-element_type=\"widget\" data-e-type=\"widget\" data-widget_type=\"the7-heading.default\">\n\t\t\t\t<div class=\"elementor-widget-container\">\n\t\t\t\t\t<p class=\"the7-heading-title elementor-size-default\">24 February, 2026<\/p>\t\t\t\t<\/div>\n\t\t\t\t<\/div>\n\t\t\t\t<div class=\"elementor-element elementor-element-8a094f5 elementor-widget elementor-widget-the7-heading\" data-id=\"8a094f5\" data-element_type=\"widget\" data-e-type=\"widget\" data-widget_type=\"the7-heading.default\">\n\t\t\t\t<div class=\"elementor-widget-container\">\n\t\t\t\t\t<h3 class=\"the7-heading-title elementor-size-default\"><a href=\"https:\/\/starkguard.com\/en\/una-noche-que-celebra-la-excelencia-de-la-industria-automotriz\/\">Una noche que celebra la excelencia de la industria automotriz<\/a><\/h3>\t\t\t\t<\/div>\n\t\t\t\t<\/div>\n\t\t\t\t<div class=\"elementor-element elementor-element-d94bf03 elementor-widget elementor-widget-the7_button_widget\" data-id=\"d94bf03\" data-element_type=\"widget\" data-e-type=\"widget\" data-widget_type=\"the7_button_widget.default\">\n\t\t\t\t<div class=\"elementor-widget-container\">\n\t\t\t\t\t<div class=\"elementor-button-wrapper\"><a href=\"https:\/\/starkguard.com\/en\/una-noche-que-celebra-la-excelencia-de-la-industria-automotriz\/\" class=\"box-button elementor-button elementor-size-sm\">Learn more<\/a><\/div>\t\t\t\t<\/div>\n\t\t\t\t<\/div>\n\t\t\t\t\t<\/div>\n\t\t\t\t<\/div>\n\t\t\t\t\t<\/div>\n\t\t\t\t<\/div>\n\t\t\t\t<\/div>\n\t\t\t\t<div data-elementor-type=\"loop-item\" data-elementor-id=\"2934\" class=\"elementor elementor-2934 visible wf-cell e-loop-item e-loop-item-3988 post-3988 post type-post status-publish format-standard has-post-thumbnail hentry category-gabinetes category-sin-categoria\" data-elementor-post-type=\"elementor_library\" post-id=\"3988\" date=\"2026-02-19T20:08:07+00:00\" name=\"Gabinetes de Garage: \u00bfQu\u00e9 son y para qu\u00e9 sirven?\" data-custom-edit-handle=\"1\">\n\t\t\t<div class=\"elementor-element elementor-element-3e87fc2 e-flex e-con-boxed wpr-particle-no wpr-jarallax-no wpr-parallax-no wpr-sticky-section-no wpr-equal-height-no e-con e-parent\" data-id=\"3e87fc2\" data-element_type=\"container\" data-e-type=\"container\">\n\t\t\t\t\t<div class=\"e-con-inner\">\n\t\t<div class=\"elementor-element elementor-element-abf10f8 e-flex e-con-boxed wpr-particle-no wpr-jarallax-no wpr-parallax-no wpr-sticky-section-no wpr-equal-height-no e-con e-child\" data-id=\"abf10f8\" data-element_type=\"container\" data-e-type=\"container\">\n\t\t\t\t\t<div class=\"e-con-inner\">\n\t\t\t\t<div class=\"elementor-element elementor-element-8f13f47 content-align-left the7-hover-visibility-disabled preserve-img-ratio-cover transform-overlay-yes elementor-widget elementor-widget-the7-image-widget\" data-id=\"8f13f47\" data-element_type=\"widget\" data-e-type=\"widget\" data-settings=\"{&quot;hover_visibility&quot;:&quot;disabled&quot;}\" data-widget_type=\"the7-image-widget.default\">\n\t\t\t\t<div class=\"elementor-widget-container\">\n\t\t\t\t\t<div class=\"the7-image-container\"><div class=\"the7-image-wrapper the7-elementor-widget the7-transform-container\"><a class=\"post-thumbnail-rollover layzr-bg img-css-resize-wrapper\" href=\"https:\/\/starkguard.com\/en\/gabinetes-de-garage-que-son-y-para-que-sirven\/\"><img decoding=\"async\" width=\"1200\" height=\"628\" src=\"data:image\/svg+xml,%3Csvg%20xmlns%3D&#039;http%3A%2F%2Fwww.w3.org%2F2000%2Fsvg&#039;%20viewBox%3D&#039;0%200%201200%20628&#039;%2F%3E\" class=\"attachment-full size-full preload-me aspect lazy lazy-load\" alt=\"\" sizes=\"(max-width: 1200px) 100vw, 1200px\" style=\"--ratio: 1200 \/ 628;\" data-src=\"https:\/\/starkguard.com\/wp-content\/uploads\/2026\/02\/gabinetes-garage-seguridad-starkguard.png\" loading=\"eager\" data-srcset=\"https:\/\/starkguard.com\/wp-content\/uploads\/2026\/02\/gabinetes-garage-seguridad-starkguard.png 1200w, https:\/\/starkguard.com\/wp-content\/uploads\/2026\/02\/gabinetes-garage-seguridad-starkguard-300x157.png 300w, https:\/\/starkguard.com\/wp-content\/uploads\/2026\/02\/gabinetes-garage-seguridad-starkguard-1024x536.png 1024w, https:\/\/starkguard.com\/wp-content\/uploads\/2026\/02\/gabinetes-garage-seguridad-starkguard-768x402.png 768w\" \/><\/a><\/div><\/div>\t\t\t\t<\/div>\n\t\t\t\t<\/div>\n\t\t\t\t\t<\/div>\n\t\t\t\t<\/div>\n\t\t<div class=\"elementor-element elementor-element-1ad4269 e-flex e-con-boxed wpr-particle-no wpr-jarallax-no wpr-parallax-no wpr-sticky-section-no wpr-equal-height-no e-con e-child\" data-id=\"1ad4269\" data-element_type=\"container\" data-e-type=\"container\">\n\t\t\t\t\t<div class=\"e-con-inner\">\n\t\t\t\t<div class=\"elementor-element elementor-element-30bad95 elementor-widget elementor-widget-the7-heading\" data-id=\"30bad95\" data-element_type=\"widget\" data-e-type=\"widget\" data-widget_type=\"the7-heading.default\">\n\t\t\t\t<div class=\"elementor-widget-container\">\n\t\t\t\t\t<p class=\"the7-heading-title elementor-size-default\">19 February, 2026<\/p>\t\t\t\t<\/div>\n\t\t\t\t<\/div>\n\t\t\t\t<div class=\"elementor-element elementor-element-8a094f5 elementor-widget elementor-widget-the7-heading\" data-id=\"8a094f5\" data-element_type=\"widget\" data-e-type=\"widget\" data-widget_type=\"the7-heading.default\">\n\t\t\t\t<div class=\"elementor-widget-container\">\n\t\t\t\t\t<h3 class=\"the7-heading-title elementor-size-default\"><a href=\"https:\/\/starkguard.com\/en\/gabinetes-de-garage-que-son-y-para-que-sirven\/\">Garage Cabinets: What are they and what are they used for?<\/a><\/h3>\t\t\t\t<\/div>\n\t\t\t\t<\/div>\n\t\t\t\t<div class=\"elementor-element elementor-element-d94bf03 elementor-widget elementor-widget-the7_button_widget\" data-id=\"d94bf03\" data-element_type=\"widget\" data-e-type=\"widget\" data-widget_type=\"the7_button_widget.default\">\n\t\t\t\t<div class=\"elementor-widget-container\">\n\t\t\t\t\t<div class=\"elementor-button-wrapper\"><a href=\"https:\/\/starkguard.com\/en\/gabinetes-de-garage-que-son-y-para-que-sirven\/\" class=\"box-button elementor-button elementor-size-sm\">Learn more<\/a><\/div>\t\t\t\t<\/div>\n\t\t\t\t<\/div>\n\t\t\t\t\t<\/div>\n\t\t\t\t<\/div>\n\t\t\t\t\t<\/div>\n\t\t\t\t<\/div>\n\t\t\t\t<\/div>\n\t\t\t\t\t<\/div>\n\t\t\t\t\t<\/div>\n\t\t\t\t\t\t<\/div>\n\t\t\t\t<\/div>\n\t\t\t\t\t<\/div>\n\t\t\t\t<\/div>\n\t\t\t\t<\/div>","protected":false},"excerpt":{"rendered":"","protected":false},"author":1,"featured_media":0,"parent":0,"menu_order":40,"comment_status":"closed","ping_status":"closed","template":"","meta":{"footnotes":""},"class_list":["post-2998","page","type-page","status-publish","hentry"],"_links":{"self":[{"href":"https:\/\/starkguard.com\/en\/wp-json\/wp\/v2\/pages\/2998","targetHints":{"allow":["GET"]}}],"collection":[{"href":"https:\/\/starkguard.com\/en\/wp-json\/wp\/v2\/pages"}],"about":[{"href":"https:\/\/starkguard.com\/en\/wp-json\/wp\/v2\/types\/page"}],"author":[{"embeddable":true,"href":"https:\/\/starkguard.com\/en\/wp-json\/wp\/v2\/users\/1"}],"replies":[{"embeddable":true,"href":"https:\/\/starkguard.com\/en\/wp-json\/wp\/v2\/comments?post=2998"}],"version-history":[{"count":1,"href":"https:\/\/starkguard.com\/en\/wp-json\/wp\/v2\/pages\/2998\/revisions"}],"predecessor-version":[{"id":3435,"href":"https:\/\/starkguard.com\/en\/wp-json\/wp\/v2\/pages\/2998\/revisions\/3435"}],"wp:attachment":[{"href":"https:\/\/starkguard.com\/en\/wp-json\/wp\/v2\/media?parent=2998"}],"curies":[{"name":"wp","href":"https:\/\/api.w.org\/{rel}","templated":true}]}}