{"id":3476,"date":"2026-02-11T19:33:01","date_gmt":"2026-02-11T19:33:01","guid":{"rendered":"http:\/\/localhost\/wordpress\/wordpress\/?post_type=product&#038;p=3476"},"modified":"2026-02-24T22:41:58","modified_gmt":"2026-02-24T22:41:58","slug":"locker-casillero-6-puertas-de-acero-con-portacandado","status":"publish","type":"product","link":"https:\/\/starkguard.com\/en\/tienda\/mobiliario-retail\/lockers\/locker-casillero-6-puertas-de-acero-con-portacandado\/","title":{"rendered":"Locker &#8211; Casillero 6 puertas de acero con portacandado"},"content":{"rendered":"<p data-start=\"200\" data-end=\"428\">El <strong data-start=\"203\" data-end=\"235\">locker met\u00e1lico de 6 puertas<\/strong> est\u00e1 dise\u00f1ado para ofrecer mayor capacidad de almacenamiento en formato vertical, ideal para espacios donde se requiere organizaci\u00f3n individual en \u00e1reas industriales, comerciales y educativas.<\/p>\n<p data-start=\"430\" data-end=\"623\">Fabricado en acero calibre 22, brinda resistencia y durabilidad para uso continuo. Cada compartimento cuenta con sistema portacandado y ventilaci\u00f3n frontal para mayor seguridad y funcionalidad.<\/p>\n<h2 data-start=\"630\" data-end=\"640\">Medidas<\/h2>\n<ul data-start=\"642\" data-end=\"707\">\n<li data-start=\"642\" data-end=\"664\">\n<p data-start=\"644\" data-end=\"664\"><strong data-start=\"644\" data-end=\"655\">Altura:<\/strong> 180 cm<\/p>\n<\/li>\n<li data-start=\"665\" data-end=\"686\">\n<p data-start=\"667\" data-end=\"686\"><strong data-start=\"667\" data-end=\"678\">Frente:<\/strong> 36 cm<\/p>\n<\/li>\n<li data-start=\"687\" data-end=\"707\">\n<p data-start=\"689\" data-end=\"707\"><strong data-start=\"689\" data-end=\"699\">Fondo:<\/strong> 37 cm<\/p>\n<\/li>\n<\/ul>\n<p data-start=\"709\" data-end=\"765\">Dise\u00f1o compacto que optimiza espacio en \u00e1reas reducidas.<\/p>\n<h2 data-start=\"772\" data-end=\"793\">Capacidad de carga<\/h2>\n<ul data-start=\"795\" data-end=\"853\">\n<li data-start=\"795\" data-end=\"825\">\n<p data-start=\"797\" data-end=\"825\"><strong data-start=\"797\" data-end=\"817\">Carga por nivel:<\/strong> 30 kg<\/p>\n<\/li>\n<li data-start=\"826\" data-end=\"853\">\n<p data-start=\"828\" data-end=\"853\"><strong data-start=\"828\" data-end=\"844\">Carga total:<\/strong> 180 kg<\/p>\n<\/li>\n<\/ul>\n<p data-start=\"855\" data-end=\"932\">Cada compartimento soporta objetos personales, equipo o herramientas ligeras.<\/p>\n<h2 data-start=\"939\" data-end=\"968\">Caracter\u00edsticas destacadas<\/h2>\n<ul data-start=\"970\" data-end=\"1231\">\n<li data-start=\"970\" data-end=\"1003\">\n<p data-start=\"972\" data-end=\"1003\">Fabricado en acero calibre 22<\/p>\n<\/li>\n<li data-start=\"1004\" data-end=\"1039\">\n<p data-start=\"1006\" data-end=\"1039\">6 compartimentos independientes<\/p>\n<\/li>\n<li data-start=\"1040\" data-end=\"1088\">\n<p data-start=\"1042\" data-end=\"1088\">Sistema portacandado con etiqueta individual<\/p>\n<\/li>\n<li data-start=\"1089\" data-end=\"1116\">\n<p data-start=\"1091\" data-end=\"1116\">Puertas con ventilaci\u00f3n<\/p>\n<\/li>\n<li data-start=\"1117\" data-end=\"1146\">\n<p data-start=\"1119\" data-end=\"1146\">Zoclo en acero inoxidable<\/p>\n<\/li>\n<li data-start=\"1147\" data-end=\"1200\">\n<p data-start=\"1149\" data-end=\"1200\">Pintura electrost\u00e1tica resistente al uso continuo<\/p>\n<\/li>\n<li data-start=\"1201\" data-end=\"1231\">\n<p data-start=\"1203\" data-end=\"1231\">Estructura firme y estable<\/p>\n<\/li>\n<\/ul>","protected":false},"excerpt":{"rendered":"<p>El locker met\u00e1lico de 6 puertas est\u00e1 dise\u00f1ado para ofrecer mayor capacidad de almacenamiento en formato vertical, ideal para espacios donde se requiere organizaci\u00f3n individual en \u00e1reas industriales, comerciales y educativas. Fabricado en acero calibre 22, brinda resistencia y durabilidad para uso continuo. Cada compartimento cuenta con sistema portacandado y ventilaci\u00f3n frontal para mayor seguridad y funcionalidad. Medidas Altura: 180 cm Frente: 36 cm Fondo: 37 cm Dise\u00f1o compacto que optimiza espacio en \u00e1reas reducidas. Capacidad de carga Carga por nivel: 30 kg Carga total: 180 kg Cada compartimento soporta objetos personales, equipo o herramientas ligeras. Caracter\u00edsticas destacadas Fabricado en acero calibre 22 6 compartimentos independientes Sistema portacandado con etiqueta individual Puertas con ventilaci\u00f3n Zoclo en acero inoxidable Pintura electrost\u00e1tica resistente al uso continuo Estructura firme y estable<\/p>","protected":false},"featured_media":4199,"comment_status":"open","ping_status":"closed","template":"","meta":[],"product_brand":[],"product_cat":[56],"product_tag":[],"class_list":{"0":"post-3476","1":"product","2":"type-product","3":"status-publish","4":"has-post-thumbnail","6":"product_cat-lockers","7":"description-off","9":"first","10":"instock","11":"shipping-taxable","12":"product-type-simple"},"_links":{"self":[{"href":"https:\/\/starkguard.com\/en\/wp-json\/wp\/v2\/product\/3476","targetHints":{"allow":["GET"]}}],"collection":[{"href":"https:\/\/starkguard.com\/en\/wp-json\/wp\/v2\/product"}],"about":[{"href":"https:\/\/starkguard.com\/en\/wp-json\/wp\/v2\/types\/product"}],"replies":[{"embeddable":true,"href":"https:\/\/starkguard.com\/en\/wp-json\/wp\/v2\/comments?post=3476"}],"version-history":[{"count":1,"href":"https:\/\/starkguard.com\/en\/wp-json\/wp\/v2\/product\/3476\/revisions"}],"predecessor-version":[{"id":3478,"href":"https:\/\/starkguard.com\/en\/wp-json\/wp\/v2\/product\/3476\/revisions\/3478"}],"wp:featuredmedia":[{"embeddable":true,"href":"https:\/\/starkguard.com\/en\/wp-json\/wp\/v2\/media\/4199"}],"wp:attachment":[{"href":"https:\/\/starkguard.com\/en\/wp-json\/wp\/v2\/media?parent=3476"}],"wp:term":[{"taxonomy":"product_brand","embeddable":true,"href":"https:\/\/starkguard.com\/en\/wp-json\/wp\/v2\/product_brand?post=3476"},{"taxonomy":"product_cat","embeddable":true,"href":"https:\/\/starkguard.com\/en\/wp-json\/wp\/v2\/product_cat?post=3476"},{"taxonomy":"product_tag","embeddable":true,"href":"https:\/\/starkguard.com\/en\/wp-json\/wp\/v2\/product_tag?post=3476"}],"curies":[{"name":"wp","href":"https:\/\/api.w.org\/{rel}","templated":true}]}}