{"id":3479,"date":"2026-02-11T19:37:27","date_gmt":"2026-02-11T19:37:27","guid":{"rendered":"http:\/\/localhost\/wordpress\/wordpress\/?post_type=product&#038;p=3479"},"modified":"2026-04-07T07:15:35","modified_gmt":"2026-04-07T07:15:35","slug":"mesa-de-trabajo-industrial-con-niveladores","status":"publish","type":"product","link":"https:\/\/starkguard.com\/en\/tienda\/muebles-de-taller\/mesa-de-trabajo-industrial-con-niveladores\/","title":{"rendered":"Mesa de Trabajo Industrial con niveladores"},"content":{"rendered":"<p data-start=\"228\" data-end=\"462\"><span data-start=\"231\" data-end=\"270\">M<\/span><strong data-start=\"231\" data-end=\"270\">esa industrial de trabajo met\u00e1lica<\/strong> est\u00e1 dise\u00f1ada para soportar labores exigentes en talleres, f\u00e1bricas y almacenes. Su estructura reforzada y cubierta de acero calibre 16 garantizan estabilidad y resistencia para uso continuo.<\/p>\n<p data-start=\"464\" data-end=\"607\">Cuenta con entrepa\u00f1os inferiores para almacenamiento adicional, permitiendo mantener herramientas y materiales organizados mientras se trabaja.<\/p>\n<h2 data-start=\"614\" data-end=\"624\">Medidas<\/h2>\n<ul data-start=\"626\" data-end=\"690\">\n<li data-start=\"626\" data-end=\"647\">\n<p data-start=\"628\" data-end=\"647\"><strong data-start=\"628\" data-end=\"638\">Largo:<\/strong> 180 cm<\/p>\n<\/li>\n<li data-start=\"648\" data-end=\"668\">\n<p data-start=\"650\" data-end=\"668\"><strong data-start=\"650\" data-end=\"660\">Fondo:<\/strong> 80 cm<\/p>\n<\/li>\n<li data-start=\"669\" data-end=\"690\">\n<p data-start=\"671\" data-end=\"690\"><strong data-start=\"671\" data-end=\"682\">Altura:<\/strong> 95 cm<\/p>\n<\/li>\n<\/ul>\n<p data-start=\"692\" data-end=\"768\">Dimensiones ideales para \u00e1reas de trabajo amplias y estaciones industriales.<\/p>\n<h2 data-start=\"775\" data-end=\"796\">Capacidad de carga<\/h2>\n<ul data-start=\"798\" data-end=\"857\">\n<li data-start=\"798\" data-end=\"828\">\n<p data-start=\"800\" data-end=\"828\"><strong data-start=\"800\" data-end=\"819\">Carga superior:<\/strong> 900 kg<\/p>\n<\/li>\n<li data-start=\"829\" data-end=\"857\">\n<p data-start=\"831\" data-end=\"857\"><strong data-start=\"831\" data-end=\"847\">Carga total:<\/strong> 1300 kg<\/p>\n<\/li>\n<\/ul>\n<p data-start=\"859\" data-end=\"941\">Dise\u00f1ada para soportar maquinaria, herramientas pesadas y materiales industriales.<\/p>\n<h2 data-start=\"948\" data-end=\"977\">Caracter\u00edsticas destacadas<\/h2>\n<ul data-start=\"979\" data-end=\"1213\">\n<li data-start=\"979\" data-end=\"1012\">\n<p data-start=\"981\" data-end=\"1012\">Fabricada en acero calibre 16<\/p>\n<\/li>\n<li data-start=\"1013\" data-end=\"1044\">\n<p data-start=\"1015\" data-end=\"1044\">Cubierta superior reforzada<\/p>\n<\/li>\n<li data-start=\"1045\" data-end=\"1088\">\n<p data-start=\"1047\" data-end=\"1088\">Bases reforzadas para mayor estabilidad<\/p>\n<\/li>\n<li data-start=\"1089\" data-end=\"1132\">\n<p data-start=\"1091\" data-end=\"1132\">Entrepa\u00f1os inferiores de almacenamiento<\/p>\n<\/li>\n<li data-start=\"1133\" data-end=\"1166\">\n<p data-start=\"1135\" data-end=\"1166\">Estructura firme y resistente<\/p>\n<\/li>\n<li data-start=\"1167\" data-end=\"1213\">\n<p data-start=\"1169\" data-end=\"1213\">Pintura electrost\u00e1tica de alta durabilidad<\/p>\n<\/li>\n<\/ul>","protected":false},"excerpt":{"rendered":"<p><span data-start=\"231\" data-end=\"270\">M<\/span><strong data-start=\"231\" data-end=\"270\">esa industrial de trabajo met\u00e1lica<\/strong> est\u00e1 dise\u00f1ada para soportar labores exigentes en talleres, f\u00e1bricas y almacenes. Su estructura reforzada y cubierta de acero calibre 16 garantizan estabilidad y resistencia para uso continuo.<\/p>","protected":false},"featured_media":4240,"comment_status":"open","ping_status":"closed","template":"","meta":[],"product_brand":[],"product_cat":[57],"product_tag":[],"class_list":{"0":"post-3479","1":"product","2":"type-product","3":"status-publish","4":"has-post-thumbnail","6":"product_cat-muebles-de-taller","7":"description-off","9":"first","10":"instock","11":"shipping-taxable","12":"purchasable","13":"product-type-simple"},"_links":{"self":[{"href":"https:\/\/starkguard.com\/en\/wp-json\/wp\/v2\/product\/3479","targetHints":{"allow":["GET"]}}],"collection":[{"href":"https:\/\/starkguard.com\/en\/wp-json\/wp\/v2\/product"}],"about":[{"href":"https:\/\/starkguard.com\/en\/wp-json\/wp\/v2\/types\/product"}],"replies":[{"embeddable":true,"href":"https:\/\/starkguard.com\/en\/wp-json\/wp\/v2\/comments?post=3479"}],"version-history":[{"count":4,"href":"https:\/\/starkguard.com\/en\/wp-json\/wp\/v2\/product\/3479\/revisions"}],"predecessor-version":[{"id":4555,"href":"https:\/\/starkguard.com\/en\/wp-json\/wp\/v2\/product\/3479\/revisions\/4555"}],"wp:featuredmedia":[{"embeddable":true,"href":"https:\/\/starkguard.com\/en\/wp-json\/wp\/v2\/media\/4240"}],"wp:attachment":[{"href":"https:\/\/starkguard.com\/en\/wp-json\/wp\/v2\/media?parent=3479"}],"wp:term":[{"taxonomy":"product_brand","embeddable":true,"href":"https:\/\/starkguard.com\/en\/wp-json\/wp\/v2\/product_brand?post=3479"},{"taxonomy":"product_cat","embeddable":true,"href":"https:\/\/starkguard.com\/en\/wp-json\/wp\/v2\/product_cat?post=3479"},{"taxonomy":"product_tag","embeddable":true,"href":"https:\/\/starkguard.com\/en\/wp-json\/wp\/v2\/product_tag?post=3479"}],"curies":[{"name":"wp","href":"https:\/\/api.w.org\/{rel}","templated":true}]}}