{"id":3486,"date":"2026-02-12T16:26:35","date_gmt":"2026-02-12T16:26:35","guid":{"rendered":"http:\/\/localhost\/wordpress\/wordpress\/?post_type=product&#038;p=3486"},"modified":"2026-04-14T06:26:28","modified_gmt":"2026-04-14T06:26:28","slug":"rack-de-acero-4n-para-almacenamiento","status":"publish","type":"product","link":"https:\/\/starkguard.com\/en\/tienda\/mobiliario-retail\/racks\/rack-de-acero-4n-para-almacenamiento\/","title":{"rendered":"Rack de acero 4N para almacenamiento"},"content":{"rendered":"<p data-start=\"471\" data-end=\"797\">La <strong data-start=\"474\" data-end=\"521\">estanter\u00eda met\u00e1lica industrial de 4 niveles<\/strong> es la soluci\u00f3n perfecta para almacenamiento pesado en bodegas, talleres, f\u00e1bricas, oficinas y centros educativos. Fabricada con estructura de acero reforzado y acabado en <strong data-start=\"693\" data-end=\"725\">pintura electrost\u00e1tica negra<\/strong>, ofrece alta resistencia, durabilidad y protecci\u00f3n contra la corrosi\u00f3n.<\/p>\n<p data-start=\"799\" data-end=\"1051\">Cada nivel soporta hasta <strong data-start=\"824\" data-end=\"834\">317 kg<\/strong>, alcanzando una impresionante <strong data-start=\"865\" data-end=\"895\">capacidad total de 1587 kg<\/strong>, ideal para organizar herramientas, cajas, mercanc\u00eda y equipos pesados. Sus repisas de rejilla met\u00e1lica permiten mejor ventilaci\u00f3n y distribuci\u00f3n del peso.<\/p>\n<p data-start=\"1053\" data-end=\"1235\">Gracias a su <strong data-start=\"1066\" data-end=\"1096\">altura ajustable por nivel<\/strong>, puedes adaptar los espacios seg\u00fan tus necesidades de almacenamiento. Adem\u00e1s, su dise\u00f1o firme y ligero facilita el armado r\u00e1pido y seguro.<\/p>\n<h3 data-start=\"1237\" data-end=\"1261\">\ud83d\udd27 Especificaciones:<\/h3>\n<ul data-start=\"1262\" data-end=\"1499\">\n<li data-start=\"1262\" data-end=\"1327\">\n<p data-start=\"1264\" data-end=\"1327\">Dimensiones: <strong data-start=\"1277\" data-end=\"1327\">196 cm ancho x 61 cm profundidad x 183 cm alto<\/strong><\/p>\n<\/li>\n<li data-start=\"1328\" data-end=\"1361\">\n<p data-start=\"1330\" data-end=\"1361\">Capacidad por nivel: <strong data-start=\"1351\" data-end=\"1361\">317 kg<\/strong><\/p>\n<\/li>\n<li data-start=\"1362\" data-end=\"1392\">\n<p data-start=\"1364\" data-end=\"1392\">Capacidad total: <strong data-start=\"1381\" data-end=\"1392\">1587 kg<\/strong><\/p>\n<\/li>\n<li data-start=\"1393\" data-end=\"1413\">\n<p data-start=\"1395\" data-end=\"1413\">Niveles ajustables<\/p>\n<\/li>\n<li data-start=\"1414\" data-end=\"1445\">\n<p data-start=\"1416\" data-end=\"1445\">Estructura met\u00e1lica reforzada<\/p>\n<\/li>\n<li data-start=\"1446\" data-end=\"1484\">\n<p data-start=\"1448\" data-end=\"1484\">Pintura electrost\u00e1tica anticorrosiva<\/p>\n<\/li>\n<li data-start=\"1485\" data-end=\"1499\">\n<p data-start=\"1487\" data-end=\"1499\">F\u00e1cil armado<\/p>\n<\/li>\n<\/ul>","protected":false},"excerpt":{"rendered":"<p>La <strong data-start=\"474\" data-end=\"521\">estanter\u00eda met\u00e1lica industrial de 4 niveles<\/strong> es la soluci\u00f3n perfecta para almacenamiento pesado en bodegas, talleres, f\u00e1bricas, oficinas y centros educativos.<\/p>","protected":false},"featured_media":4259,"comment_status":"open","ping_status":"closed","template":"","meta":[],"product_brand":[],"product_cat":[55],"product_tag":[],"class_list":{"0":"post-3486","1":"product","2":"type-product","3":"status-publish","4":"has-post-thumbnail","6":"product_cat-racks","7":"description-off","9":"first","10":"instock","11":"shipping-taxable","12":"purchasable","13":"product-type-simple"},"_links":{"self":[{"href":"https:\/\/starkguard.com\/en\/wp-json\/wp\/v2\/product\/3486","targetHints":{"allow":["GET"]}}],"collection":[{"href":"https:\/\/starkguard.com\/en\/wp-json\/wp\/v2\/product"}],"about":[{"href":"https:\/\/starkguard.com\/en\/wp-json\/wp\/v2\/types\/product"}],"replies":[{"embeddable":true,"href":"https:\/\/starkguard.com\/en\/wp-json\/wp\/v2\/comments?post=3486"}],"version-history":[{"count":3,"href":"https:\/\/starkguard.com\/en\/wp-json\/wp\/v2\/product\/3486\/revisions"}],"predecessor-version":[{"id":4703,"href":"https:\/\/starkguard.com\/en\/wp-json\/wp\/v2\/product\/3486\/revisions\/4703"}],"wp:featuredmedia":[{"embeddable":true,"href":"https:\/\/starkguard.com\/en\/wp-json\/wp\/v2\/media\/4259"}],"wp:attachment":[{"href":"https:\/\/starkguard.com\/en\/wp-json\/wp\/v2\/media?parent=3486"}],"wp:term":[{"taxonomy":"product_brand","embeddable":true,"href":"https:\/\/starkguard.com\/en\/wp-json\/wp\/v2\/product_brand?post=3486"},{"taxonomy":"product_cat","embeddable":true,"href":"https:\/\/starkguard.com\/en\/wp-json\/wp\/v2\/product_cat?post=3486"},{"taxonomy":"product_tag","embeddable":true,"href":"https:\/\/starkguard.com\/en\/wp-json\/wp\/v2\/product_tag?post=3486"}],"curies":[{"name":"wp","href":"https:\/\/api.w.org\/{rel}","templated":true}]}}