{"id":3493,"date":"2026-02-12T16:40:51","date_gmt":"2026-02-12T16:40:51","guid":{"rendered":"http:\/\/localhost\/wordpress\/wordpress\/?post_type=product&#038;p=3493"},"modified":"2026-04-14T06:27:57","modified_gmt":"2026-04-14T06:27:57","slug":"rack-de-techo-superior-para-almacenamiento","status":"publish","type":"product","link":"https:\/\/starkguard.com\/en\/tienda\/mobiliario-retail\/racks\/rack-de-techo-superior-para-almacenamiento\/","title":{"rendered":"Rack de techo superior para almacenamiento"},"content":{"rendered":"<p data-start=\"487\" data-end=\"749\">El <strong data-start=\"490\" data-end=\"516\">rack de techo met\u00e1lico<\/strong> es la soluci\u00f3n ideal para maximizar el espacio vertical en garajes, bodegas y talleres. Dise\u00f1ado para instalaci\u00f3n en techo, permite aprovechar \u00e1reas poco utilizadas, manteniendo el piso libre y mejorando la organizaci\u00f3n del espacio.<\/p>\n<p data-start=\"751\" data-end=\"1012\">Su estructura de acero reforzado con base de rejilla proporciona estabilidad y ventilaci\u00f3n, ideal para almacenar cajas, herramientas, contenedores y art\u00edculos de uso ocasional. Los soportes verticales ajustables permiten adaptar la altura seg\u00fan tus necesidades.<\/p>\n<p data-start=\"1014\" data-end=\"1174\">Cuenta con acabado en <strong data-start=\"1036\" data-end=\"1062\">pintura electrost\u00e1tica<\/strong>, que protege contra la corrosi\u00f3n y garantiza mayor durabilidad en entornos industriales o dom\u00e9sticos exigentes.<\/p>\n<p data-start=\"1176\" data-end=\"1276\">Perfecto para optimizar espacios en garajes residenciales, almacenes comerciales y \u00e1reas de trabajo.<\/p>\n<h2 data-start=\"1283\" data-end=\"1315\">Especificaciones t\u00e9cnicas:<\/h2>\n<ul data-start=\"1317\" data-end=\"1579\">\n<li data-start=\"1317\" data-end=\"1382\">\n<p data-start=\"1319\" data-end=\"1382\">Dimensiones: <strong data-start=\"1332\" data-end=\"1382\">122 cm ancho x 61 cm profundidad x 103 cm alto<\/strong><\/p>\n<\/li>\n<li data-start=\"1383\" data-end=\"1421\">\n<p data-start=\"1385\" data-end=\"1421\">Capacidad de carga total: <strong data-start=\"1411\" data-end=\"1421\">181 kg<\/strong><\/p>\n<\/li>\n<li data-start=\"1422\" data-end=\"1445\">\n<p data-start=\"1424\" data-end=\"1445\">Instalaci\u00f3n: En techo<\/p>\n<\/li>\n<li data-start=\"1446\" data-end=\"1480\">\n<p data-start=\"1448\" data-end=\"1480\">Base: Rejilla met\u00e1lica reforzada<\/p>\n<\/li>\n<li data-start=\"1481\" data-end=\"1520\">\n<p data-start=\"1483\" data-end=\"1520\">Estructura: Acero de alta resistencia<\/p>\n<\/li>\n<li data-start=\"1521\" data-end=\"1560\">\n<p data-start=\"1523\" data-end=\"1560\">Acabado: Pintura electrost\u00e1tica negra<\/p>\n<\/li>\n<li data-start=\"1561\" data-end=\"1579\">\n<p data-start=\"1563\" data-end=\"1579\">Altura ajustable<\/p>\n<\/li>\n<\/ul>","protected":false},"excerpt":{"rendered":"<p>El <strong data-start=\"490\" data-end=\"516\">rack de techo met\u00e1lico<\/strong> es la soluci\u00f3n ideal para maximizar el espacio vertical en garajes, bodegas y talleres. Dise\u00f1ado para instalaci\u00f3n en techo, permite aprovechar \u00e1reas poco utilizadas, manteniendo el piso libre y mejorando la organizaci\u00f3n del espacio.<\/p>","protected":false},"featured_media":4251,"comment_status":"open","ping_status":"closed","template":"","meta":[],"product_brand":[],"product_cat":[55],"product_tag":[],"class_list":{"0":"post-3493","1":"product","2":"type-product","3":"status-publish","4":"has-post-thumbnail","6":"product_cat-racks","7":"description-off","9":"first","10":"instock","11":"shipping-taxable","12":"purchasable","13":"product-type-simple"},"_links":{"self":[{"href":"https:\/\/starkguard.com\/en\/wp-json\/wp\/v2\/product\/3493","targetHints":{"allow":["GET"]}}],"collection":[{"href":"https:\/\/starkguard.com\/en\/wp-json\/wp\/v2\/product"}],"about":[{"href":"https:\/\/starkguard.com\/en\/wp-json\/wp\/v2\/types\/product"}],"replies":[{"embeddable":true,"href":"https:\/\/starkguard.com\/en\/wp-json\/wp\/v2\/comments?post=3493"}],"version-history":[{"count":2,"href":"https:\/\/starkguard.com\/en\/wp-json\/wp\/v2\/product\/3493\/revisions"}],"predecessor-version":[{"id":4704,"href":"https:\/\/starkguard.com\/en\/wp-json\/wp\/v2\/product\/3493\/revisions\/4704"}],"wp:featuredmedia":[{"embeddable":true,"href":"https:\/\/starkguard.com\/en\/wp-json\/wp\/v2\/media\/4251"}],"wp:attachment":[{"href":"https:\/\/starkguard.com\/en\/wp-json\/wp\/v2\/media?parent=3493"}],"wp:term":[{"taxonomy":"product_brand","embeddable":true,"href":"https:\/\/starkguard.com\/en\/wp-json\/wp\/v2\/product_brand?post=3493"},{"taxonomy":"product_cat","embeddable":true,"href":"https:\/\/starkguard.com\/en\/wp-json\/wp\/v2\/product_cat?post=3493"},{"taxonomy":"product_tag","embeddable":true,"href":"https:\/\/starkguard.com\/en\/wp-json\/wp\/v2\/product_tag?post=3493"}],"curies":[{"name":"wp","href":"https:\/\/api.w.org\/{rel}","templated":true}]}}