{"id":3511,"date":"2026-02-12T18:26:07","date_gmt":"2026-02-12T18:26:07","guid":{"rendered":"http:\/\/localhost\/wordpress\/wordpress\/?post_type=product&#038;p=3511"},"modified":"2026-04-07T06:06:34","modified_gmt":"2026-04-07T06:06:34","slug":"caja-fuerte-de-seguridad-bold-digital-electronica","status":"publish","type":"product","link":"https:\/\/starkguard.com\/en\/tienda\/cajas-de-seguridad\/caja-fuerte-de-seguridad-bold-digital-electronica\/","title":{"rendered":"Caja Fuerte de seguridad digital electr\u00f3nica &#8211; Bold"},"content":{"rendered":"<p data-start=\"485\" data-end=\"760\">La <strong data-start=\"488\" data-end=\"514\">Caja de Seguridad BOLD<\/strong> est\u00e1 dise\u00f1ada para proteger documentos, dinero y objetos de valor en entornos comerciales e industriales. Su estructura resistente y sistema de cerradura digital brindan mayor seguridad y tranquilidad en el resguardo de pertenencias importantes.<\/p>\n<p data-start=\"762\" data-end=\"949\">Fabricada en <strong data-start=\"775\" data-end=\"795\">acero calibre 18<\/strong>, ofrece alta resistencia y durabilidad. Incorpora <strong data-start=\"846\" data-end=\"891\">cerradura digital con teclado electr\u00f3nico<\/strong>, permitiendo acceso seguro mediante c\u00f3digo personalizado.<\/p>\n<p data-start=\"951\" data-end=\"1208\">Cuenta con <strong data-start=\"962\" data-end=\"982\">bisagras ocultas<\/strong> para mayor protecci\u00f3n contra manipulaciones externas y un dise\u00f1o compacto que facilita su instalaci\u00f3n en oficinas, talleres, bodegas o almacenes. Incluye <strong data-start=\"1137\" data-end=\"1156\">kit de fijaci\u00f3n<\/strong>, permitiendo asegurarla a pared o superficie firme.<\/p>\n<p data-start=\"1210\" data-end=\"1317\">Su acabado en <strong data-start=\"1224\" data-end=\"1250\">pintura electrost\u00e1tica<\/strong> protege contra corrosi\u00f3n y desgaste, garantizando mayor vida \u00fatil.<\/p>\n<p data-start=\"1319\" data-end=\"1416\">Ideal para resguardar efectivo, documentos, llaves, dispositivos electr\u00f3nicos y objetos de valor.<\/p>\n<h2 data-start=\"1423\" data-end=\"1455\">Especificaciones t\u00e9cnicas:<\/h2>\n<ul data-start=\"1457\" data-end=\"1749\">\n<li data-start=\"1457\" data-end=\"1520\">\n<p data-start=\"1459\" data-end=\"1520\">Dimensiones: <strong data-start=\"1472\" data-end=\"1520\">35 cm ancho x 25 cm profundidad x 22 cm alto<\/strong><\/p>\n<\/li>\n<li data-start=\"1521\" data-end=\"1549\">\n<p data-start=\"1523\" data-end=\"1549\">Material: Acero calibre 18<\/p>\n<\/li>\n<li data-start=\"1550\" data-end=\"1600\">\n<p data-start=\"1552\" data-end=\"1600\">Sistema de cierre: Cerradura digital con teclado<\/p>\n<\/li>\n<li data-start=\"1601\" data-end=\"1641\">\n<p data-start=\"1603\" data-end=\"1641\">Fuente de alimentaci\u00f3n: <strong data-start=\"1627\" data-end=\"1641\">4 pilas AA<\/strong><\/p>\n<\/li>\n<li data-start=\"1642\" data-end=\"1660\">\n<p data-start=\"1644\" data-end=\"1660\">Bisagras ocultas<\/p>\n<\/li>\n<li data-start=\"1661\" data-end=\"1686\">\n<p data-start=\"1663\" data-end=\"1686\">Incluye kit de fijaci\u00f3n<\/p>\n<\/li>\n<li data-start=\"1687\" data-end=\"1720\">\n<p data-start=\"1689\" data-end=\"1720\">Acabado: Pintura electrost\u00e1tica<\/p>\n<\/li>\n<li data-start=\"1721\" data-end=\"1749\">\n<p data-start=\"1723\" data-end=\"1749\">Colores disponibles: Negro<\/p>\n<\/li>\n<\/ul>","protected":false},"excerpt":{"rendered":"<p>La <strong data-start=\"488\" data-end=\"514\">Caja de Seguridad BOLD<\/strong> est\u00e1 dise\u00f1ada para proteger documentos, dinero y objetos de valor en entornos comerciales e industriales.<\/p>","protected":false},"featured_media":4096,"comment_status":"open","ping_status":"closed","template":"","meta":[],"product_brand":[],"product_cat":[58],"product_tag":[],"class_list":{"0":"post-3511","1":"product","2":"type-product","3":"status-publish","4":"has-post-thumbnail","6":"product_cat-cajas-de-seguridad","7":"description-off","9":"first","10":"instock","11":"shipping-taxable","12":"purchasable","13":"product-type-simple"},"_links":{"self":[{"href":"https:\/\/starkguard.com\/en\/wp-json\/wp\/v2\/product\/3511","targetHints":{"allow":["GET"]}}],"collection":[{"href":"https:\/\/starkguard.com\/en\/wp-json\/wp\/v2\/product"}],"about":[{"href":"https:\/\/starkguard.com\/en\/wp-json\/wp\/v2\/types\/product"}],"replies":[{"embeddable":true,"href":"https:\/\/starkguard.com\/en\/wp-json\/wp\/v2\/comments?post=3511"}],"version-history":[{"count":4,"href":"https:\/\/starkguard.com\/en\/wp-json\/wp\/v2\/product\/3511\/revisions"}],"predecessor-version":[{"id":4678,"href":"https:\/\/starkguard.com\/en\/wp-json\/wp\/v2\/product\/3511\/revisions\/4678"}],"wp:featuredmedia":[{"embeddable":true,"href":"https:\/\/starkguard.com\/en\/wp-json\/wp\/v2\/media\/4096"}],"wp:attachment":[{"href":"https:\/\/starkguard.com\/en\/wp-json\/wp\/v2\/media?parent=3511"}],"wp:term":[{"taxonomy":"product_brand","embeddable":true,"href":"https:\/\/starkguard.com\/en\/wp-json\/wp\/v2\/product_brand?post=3511"},{"taxonomy":"product_cat","embeddable":true,"href":"https:\/\/starkguard.com\/en\/wp-json\/wp\/v2\/product_cat?post=3511"},{"taxonomy":"product_tag","embeddable":true,"href":"https:\/\/starkguard.com\/en\/wp-json\/wp\/v2\/product_tag?post=3511"}],"curies":[{"name":"wp","href":"https:\/\/api.w.org\/{rel}","templated":true}]}}