{"id":3515,"date":"2026-02-12T18:32:57","date_gmt":"2026-02-12T18:32:57","guid":{"rendered":"http:\/\/localhost\/wordpress\/wordpress\/?post_type=product&#038;p=3515"},"modified":"2026-04-07T06:05:12","modified_gmt":"2026-04-07T06:05:12","slug":"caja-fuerte-de-seguridad-master-digital-electronica","status":"publish","type":"product","link":"https:\/\/starkguard.com\/en\/tienda\/cajas-de-seguridad\/caja-fuerte-de-seguridad-master-digital-electronica\/","title":{"rendered":"Caja Fuerte de seguridad digital electr\u00f3nica Master"},"content":{"rendered":"<p data-start=\"499\" data-end=\"795\">La <strong data-start=\"502\" data-end=\"530\">Caja de Seguridad MASTER<\/strong> est\u00e1 dise\u00f1ada para ofrecer mayor capacidad y protecci\u00f3n en el resguardo de documentos, dinero y objetos de valor. Su estructura robusta y sistema de cerradura digital de alta seguridad la convierten en una excelente opci\u00f3n para entornos comerciales e industriales.<\/p>\n<p data-start=\"797\" data-end=\"1010\">Fabricada en <strong data-start=\"810\" data-end=\"830\">acero calibre 18<\/strong>, brinda resistencia y durabilidad ante uso constante. Incorpora <strong data-start=\"895\" data-end=\"940\">cerradura digital con teclado electr\u00f3nico<\/strong>, permitiendo configurar un c\u00f3digo personalizado para mayor seguridad.<\/p>\n<p data-start=\"1012\" data-end=\"1207\">Cuenta con <strong data-start=\"1023\" data-end=\"1043\">bisagras ocultas<\/strong> que refuerzan la protecci\u00f3n contra intentos de manipulaci\u00f3n externa. Incluye <strong data-start=\"1121\" data-end=\"1140\">kit de fijaci\u00f3n<\/strong>, lo que permite asegurarla firmemente a pared o superficie s\u00f3lida.<\/p>\n<p data-start=\"1209\" data-end=\"1322\">Su acabado en <strong data-start=\"1223\" data-end=\"1249\">pintura electrost\u00e1tica<\/strong> protege contra la corrosi\u00f3n y el desgaste, garantizando larga vida \u00fatil.<\/p>\n<p data-start=\"1324\" data-end=\"1432\">Ideal para oficinas, talleres, bodegas, almacenes y espacios comerciales que requieren protecci\u00f3n confiable.<\/p>\n<h2 data-start=\"1439\" data-end=\"1471\">Especificaciones t\u00e9cnicas:<\/h2>\n<ul data-start=\"1473\" data-end=\"1780\">\n<li data-start=\"1473\" data-end=\"1536\">\n<p data-start=\"1475\" data-end=\"1536\">Dimensiones: <strong data-start=\"1488\" data-end=\"1536\">43 cm ancho x 35 cm profundidad x 27 cm alto<\/strong><\/p>\n<\/li>\n<li data-start=\"1537\" data-end=\"1565\">\n<p data-start=\"1539\" data-end=\"1565\">Material: Acero calibre 18<\/p>\n<\/li>\n<li data-start=\"1566\" data-end=\"1634\">\n<p data-start=\"1568\" data-end=\"1634\">Sistema de cierre: Cerradura digital de alta seguridad con teclado<\/p>\n<\/li>\n<li data-start=\"1635\" data-end=\"1675\">\n<p data-start=\"1637\" data-end=\"1675\">Fuente de alimentaci\u00f3n: <strong data-start=\"1661\" data-end=\"1675\">4 pilas AA<\/strong><\/p>\n<\/li>\n<li data-start=\"1676\" data-end=\"1694\">\n<p data-start=\"1678\" data-end=\"1694\">Bisagras ocultas<\/p>\n<\/li>\n<li data-start=\"1695\" data-end=\"1720\">\n<p data-start=\"1697\" data-end=\"1720\">Incluye kit de fijaci\u00f3n<\/p>\n<\/li>\n<li data-start=\"1721\" data-end=\"1754\">\n<p data-start=\"1723\" data-end=\"1754\">Acabado: Pintura electrost\u00e1tica<\/p>\n<\/li>\n<li data-start=\"1755\" data-end=\"1780\">\n<p data-start=\"1757\" data-end=\"1780\">Color disponible: Negro<\/p>\n<\/li>\n<\/ul>","protected":false},"excerpt":{"rendered":"<p>La <strong data-start=\"502\" data-end=\"530\">Caja de Seguridad MASTER<\/strong> est\u00e1 dise\u00f1ada para ofrecer mayor capacidad y protecci\u00f3n en el resguardo de documentos, dinero y objetos de valor.<\/p>","protected":false},"featured_media":4099,"comment_status":"open","ping_status":"closed","template":"","meta":[],"product_brand":[],"product_cat":[58],"product_tag":[],"class_list":{"0":"post-3515","1":"product","2":"type-product","3":"status-publish","4":"has-post-thumbnail","6":"product_cat-cajas-de-seguridad","7":"description-off","9":"first","10":"instock","11":"shipping-taxable","12":"purchasable","13":"product-type-simple"},"_links":{"self":[{"href":"https:\/\/starkguard.com\/en\/wp-json\/wp\/v2\/product\/3515","targetHints":{"allow":["GET"]}}],"collection":[{"href":"https:\/\/starkguard.com\/en\/wp-json\/wp\/v2\/product"}],"about":[{"href":"https:\/\/starkguard.com\/en\/wp-json\/wp\/v2\/types\/product"}],"replies":[{"embeddable":true,"href":"https:\/\/starkguard.com\/en\/wp-json\/wp\/v2\/comments?post=3515"}],"version-history":[{"count":4,"href":"https:\/\/starkguard.com\/en\/wp-json\/wp\/v2\/product\/3515\/revisions"}],"predecessor-version":[{"id":4677,"href":"https:\/\/starkguard.com\/en\/wp-json\/wp\/v2\/product\/3515\/revisions\/4677"}],"wp:featuredmedia":[{"embeddable":true,"href":"https:\/\/starkguard.com\/en\/wp-json\/wp\/v2\/media\/4099"}],"wp:attachment":[{"href":"https:\/\/starkguard.com\/en\/wp-json\/wp\/v2\/media?parent=3515"}],"wp:term":[{"taxonomy":"product_brand","embeddable":true,"href":"https:\/\/starkguard.com\/en\/wp-json\/wp\/v2\/product_brand?post=3515"},{"taxonomy":"product_cat","embeddable":true,"href":"https:\/\/starkguard.com\/en\/wp-json\/wp\/v2\/product_cat?post=3515"},{"taxonomy":"product_tag","embeddable":true,"href":"https:\/\/starkguard.com\/en\/wp-json\/wp\/v2\/product_tag?post=3515"}],"curies":[{"name":"wp","href":"https:\/\/api.w.org\/{rel}","templated":true}]}}