{"id":3517,"date":"2026-02-12T18:42:27","date_gmt":"2026-02-12T18:42:27","guid":{"rendered":"http:\/\/localhost\/wordpress\/wordpress\/?post_type=product&#038;p=3517"},"modified":"2026-04-14T06:43:20","modified_gmt":"2026-04-14T06:43:20","slug":"gabinete-multiusos-de-pared-innovation","status":"publish","type":"product","link":"https:\/\/starkguard.com\/en\/tienda\/innovation\/gabinetes-innovation\/gabinete-multiusos-de-pared-innovation\/","title":{"rendered":"Gabinete multiusos de Pared &#8211; INNOVATION"},"content":{"rendered":"<p data-start=\"472\" data-end=\"748\">El <strong data-start=\"475\" data-end=\"509\">Gabinete Alto L\u00ednea Innovation<\/strong> es la soluci\u00f3n ideal para almacenamiento seguro y organizado en espacios industriales, comerciales y educativos. Su dise\u00f1o vertical optimiza el espacio, permitiendo almacenar herramientas, insumos, documentos y equipos de forma eficiente.<\/p>\n<p data-start=\"750\" data-end=\"933\">Fabricado en estructura met\u00e1lica resistente, cuenta con <strong data-start=\"806\" data-end=\"831\">puertas con cerradura<\/strong> para mayor seguridad y <strong data-start=\"855\" data-end=\"883\">bisagras de cierre lento<\/strong> que aportan un funcionamiento suave y silencioso.<\/p>\n<p data-start=\"935\" data-end=\"1218\">Incluye <strong data-start=\"943\" data-end=\"980\">4 entrepa\u00f1os ajustables en altura<\/strong>, permitiendo adaptar el interior seg\u00fan el tipo de art\u00edculos almacenados. Su acabado en <strong data-start=\"1068\" data-end=\"1094\">pintura electrost\u00e1tica<\/strong> proporciona mayor protecci\u00f3n contra la corrosi\u00f3n y el desgaste, garantizando larga vida \u00fatil incluso en entornos exigentes.<\/p>\n<p data-start=\"1220\" data-end=\"1290\">Ideal para talleres, bodegas, f\u00e1bricas, oficinas y centros educativos.<\/p>\n<h2 data-start=\"1297\" data-end=\"1329\">Especificaciones t\u00e9cnicas:<\/h2>\n<ul data-start=\"1331\" data-end=\"1644\">\n<li data-start=\"1331\" data-end=\"1395\">\n<p data-start=\"1333\" data-end=\"1395\">Dimensiones: <strong data-start=\"1346\" data-end=\"1395\">80 cm ancho x 45 cm profundidad x 189 cm alto<\/strong><\/p>\n<\/li>\n<li data-start=\"1396\" data-end=\"1441\">\n<p data-start=\"1398\" data-end=\"1441\">Capacidad de carga por entrepa\u00f1o: <strong data-start=\"1432\" data-end=\"1441\">60 kg<\/strong><\/p>\n<\/li>\n<li data-start=\"1442\" data-end=\"1480\">\n<p data-start=\"1444\" data-end=\"1480\">Capacidad de carga total: <strong data-start=\"1470\" data-end=\"1480\">320 kg<\/strong><\/p>\n<\/li>\n<li data-start=\"1481\" data-end=\"1506\">\n<p data-start=\"1483\" data-end=\"1506\">4 entrepa\u00f1os ajustables<\/p>\n<\/li>\n<li data-start=\"1507\" data-end=\"1530\">\n<p data-start=\"1509\" data-end=\"1530\">Puertas con cerradura<\/p>\n<\/li>\n<li data-start=\"1531\" data-end=\"1557\">\n<p data-start=\"1533\" data-end=\"1557\">Bisagras de cierre lento<\/p>\n<\/li>\n<li data-start=\"1558\" data-end=\"1591\">\n<p data-start=\"1560\" data-end=\"1591\">Acabado: Pintura electrost\u00e1tica<\/p>\n<\/li>\n<li data-start=\"1592\" data-end=\"1644\">\n<p data-start=\"1594\" data-end=\"1644\">Colores disponibles: Variados seg\u00fan disponibilidad<\/p>\n<\/li>\n<\/ul>","protected":false},"excerpt":{"rendered":"<p>El <strong data-start=\"475\" data-end=\"509\">Gabinete Alto L\u00ednea Innovation<\/strong> es la soluci\u00f3n ideal para almacenamiento seguro y organizado en espacios industriales, comerciales y educativos. Su dise\u00f1o vertical optimiza el espacio, permitiendo almacenar herramientas, insumos, documentos y equipos de forma eficiente.<\/p>","protected":false},"featured_media":4138,"comment_status":"open","ping_status":"closed","template":"","meta":[],"product_brand":[],"product_cat":[54,62],"product_tag":[],"class_list":{"0":"post-3517","1":"product","2":"type-product","3":"status-publish","4":"has-post-thumbnail","6":"product_cat-gabinetes-innovation","7":"product_cat-innovation","8":"description-off","10":"first","11":"instock","12":"shipping-taxable","13":"purchasable","14":"product-type-simple"},"_links":{"self":[{"href":"https:\/\/starkguard.com\/en\/wp-json\/wp\/v2\/product\/3517","targetHints":{"allow":["GET"]}}],"collection":[{"href":"https:\/\/starkguard.com\/en\/wp-json\/wp\/v2\/product"}],"about":[{"href":"https:\/\/starkguard.com\/en\/wp-json\/wp\/v2\/types\/product"}],"replies":[{"embeddable":true,"href":"https:\/\/starkguard.com\/en\/wp-json\/wp\/v2\/comments?post=3517"}],"version-history":[{"count":2,"href":"https:\/\/starkguard.com\/en\/wp-json\/wp\/v2\/product\/3517\/revisions"}],"predecessor-version":[{"id":4714,"href":"https:\/\/starkguard.com\/en\/wp-json\/wp\/v2\/product\/3517\/revisions\/4714"}],"wp:featuredmedia":[{"embeddable":true,"href":"https:\/\/starkguard.com\/en\/wp-json\/wp\/v2\/media\/4138"}],"wp:attachment":[{"href":"https:\/\/starkguard.com\/en\/wp-json\/wp\/v2\/media?parent=3517"}],"wp:term":[{"taxonomy":"product_brand","embeddable":true,"href":"https:\/\/starkguard.com\/en\/wp-json\/wp\/v2\/product_brand?post=3517"},{"taxonomy":"product_cat","embeddable":true,"href":"https:\/\/starkguard.com\/en\/wp-json\/wp\/v2\/product_cat?post=3517"},{"taxonomy":"product_tag","embeddable":true,"href":"https:\/\/starkguard.com\/en\/wp-json\/wp\/v2\/product_tag?post=3517"}],"curies":[{"name":"wp","href":"https:\/\/api.w.org\/{rel}","templated":true}]}}