{"id":3527,"date":"2026-02-13T19:30:28","date_gmt":"2026-02-13T19:30:28","guid":{"rendered":"http:\/\/localhost\/wordpress\/wordpress\/?post_type=product&#038;p=3527"},"modified":"2026-04-14T06:40:41","modified_gmt":"2026-04-14T06:40:41","slug":"gabinete-superior-de-almacenamiento-innovation","status":"publish","type":"product","link":"https:\/\/starkguard.com\/en\/tienda\/innovation\/gabinetes-innovation\/gabinete-superior-de-almacenamiento-innovation\/","title":{"rendered":"Gabinete superior de almacenamiento &#8211; INNOVATION"},"content":{"rendered":"<p data-start=\"384\" data-end=\"667\">El <strong data-start=\"387\" data-end=\"433\">Gabinete Base con Puertas L\u00ednea Innovation<\/strong> es una soluci\u00f3n robusta y funcional para almacenamiento seguro en entornos industriales y profesionales. Su dise\u00f1o compacto y resistente permite organizar herramientas, equipos e insumos manteni\u00e9ndolos protegidos y fuera de la vista.<\/p>\n<p data-start=\"669\" data-end=\"850\">Fabricado en estructura met\u00e1lica de alta resistencia, cuenta con <strong data-start=\"734\" data-end=\"759\">puertas con cerradura<\/strong> para mayor seguridad y <strong data-start=\"783\" data-end=\"811\">bisagras de cierre lento<\/strong> que brindan un uso suave y silencioso.<\/p>\n<p data-start=\"852\" data-end=\"1110\">Incluye <strong data-start=\"860\" data-end=\"881\">entrepa\u00f1o interno<\/strong>, ideal para optimizar la distribuci\u00f3n del espacio y mejorar la organizaci\u00f3n. Su acabado en <strong data-start=\"973\" data-end=\"999\">pintura electrost\u00e1tica<\/strong> protege contra la corrosi\u00f3n y el desgaste diario, asegurando mayor durabilidad incluso en ambientes exigentes.<\/p>\n<p data-start=\"1112\" data-end=\"1216\">Perfecto para garajes, talleres, estudios detail, bodegas, industria, oficinas, escuelas y laboratorios.<\/p>\n<h2 data-start=\"1223\" data-end=\"1255\">Especificaciones t\u00e9cnicas:<\/h2>\n<ul data-start=\"1257\" data-end=\"1603\">\n<li data-start=\"1257\" data-end=\"1320\">\n<p data-start=\"1259\" data-end=\"1320\">Dimensiones: <strong data-start=\"1272\" data-end=\"1320\">61 cm ancho x 45 cm profundidad x 85 cm alto<\/strong><\/p>\n<\/li>\n<li data-start=\"1321\" data-end=\"1366\">\n<p data-start=\"1323\" data-end=\"1366\">Capacidad de carga por entrepa\u00f1o: <strong data-start=\"1357\" data-end=\"1366\">70 kg<\/strong><\/p>\n<\/li>\n<li data-start=\"1367\" data-end=\"1405\">\n<p data-start=\"1369\" data-end=\"1405\">Capacidad de carga total: <strong data-start=\"1395\" data-end=\"1405\">170 kg<\/strong><\/p>\n<\/li>\n<li data-start=\"1406\" data-end=\"1433\">\n<p data-start=\"1408\" data-end=\"1433\">Incluye entrepa\u00f1o interno<\/p>\n<\/li>\n<li data-start=\"1434\" data-end=\"1457\">\n<p data-start=\"1436\" data-end=\"1457\">Puertas con cerradura<\/p>\n<\/li>\n<li data-start=\"1458\" data-end=\"1484\">\n<p data-start=\"1460\" data-end=\"1484\">Bisagras de cierre lento<\/p>\n<\/li>\n<li data-start=\"1485\" data-end=\"1516\">\n<p data-start=\"1487\" data-end=\"1516\">Estructura met\u00e1lica reforzada<\/p>\n<\/li>\n<li data-start=\"1517\" data-end=\"1550\">\n<p data-start=\"1519\" data-end=\"1550\">Acabado: Pintura electrost\u00e1tica<\/p>\n<\/li>\n<li data-start=\"1551\" data-end=\"1603\">\n<p data-start=\"1553\" data-end=\"1603\">Colores disponibles: Variados seg\u00fan disponibilidad<\/p>\n<\/li>\n<\/ul>","protected":false},"excerpt":{"rendered":"<p>El <strong data-start=\"387\" data-end=\"433\">Gabinete Base con Puertas L\u00ednea Innovation<\/strong> es una soluci\u00f3n robusta y funcional para almacenamiento seguro en entornos industriales y profesionales. Su dise\u00f1o compacto y resistente permite organizar herramientas, equipos e insumos manteni\u00e9ndolos protegidos y fuera de la vista.<\/p>","protected":false},"featured_media":4130,"comment_status":"open","ping_status":"closed","template":"","meta":[],"product_brand":[],"product_cat":[54,62],"product_tag":[],"class_list":{"0":"post-3527","1":"product","2":"type-product","3":"status-publish","4":"has-post-thumbnail","6":"product_cat-gabinetes-innovation","7":"product_cat-innovation","8":"description-off","10":"first","11":"instock","12":"shipping-taxable","13":"purchasable","14":"product-type-simple"},"_links":{"self":[{"href":"https:\/\/starkguard.com\/en\/wp-json\/wp\/v2\/product\/3527","targetHints":{"allow":["GET"]}}],"collection":[{"href":"https:\/\/starkguard.com\/en\/wp-json\/wp\/v2\/product"}],"about":[{"href":"https:\/\/starkguard.com\/en\/wp-json\/wp\/v2\/types\/product"}],"replies":[{"embeddable":true,"href":"https:\/\/starkguard.com\/en\/wp-json\/wp\/v2\/comments?post=3527"}],"version-history":[{"count":2,"href":"https:\/\/starkguard.com\/en\/wp-json\/wp\/v2\/product\/3527\/revisions"}],"predecessor-version":[{"id":4711,"href":"https:\/\/starkguard.com\/en\/wp-json\/wp\/v2\/product\/3527\/revisions\/4711"}],"wp:featuredmedia":[{"embeddable":true,"href":"https:\/\/starkguard.com\/en\/wp-json\/wp\/v2\/media\/4130"}],"wp:attachment":[{"href":"https:\/\/starkguard.com\/en\/wp-json\/wp\/v2\/media?parent=3527"}],"wp:term":[{"taxonomy":"product_brand","embeddable":true,"href":"https:\/\/starkguard.com\/en\/wp-json\/wp\/v2\/product_brand?post=3527"},{"taxonomy":"product_cat","embeddable":true,"href":"https:\/\/starkguard.com\/en\/wp-json\/wp\/v2\/product_cat?post=3527"},{"taxonomy":"product_tag","embeddable":true,"href":"https:\/\/starkguard.com\/en\/wp-json\/wp\/v2\/product_tag?post=3527"}],"curies":[{"name":"wp","href":"https:\/\/api.w.org\/{rel}","templated":true}]}}