{"id":3539,"date":"2026-02-13T20:07:01","date_gmt":"2026-02-13T20:07:01","guid":{"rendered":"http:\/\/localhost\/wordpress\/wordpress\/?post_type=product&#038;p=3539"},"modified":"2026-04-14T07:08:56","modified_gmt":"2026-04-14T07:08:56","slug":"gabinete-base-2-puertas-con-entrepano-master","status":"publish","type":"product","link":"https:\/\/starkguard.com\/en\/tienda\/master\/gabinetes-master\/gabinete-base-2-puertas-con-entrepano-master\/","title":{"rendered":"Gabinete Base 2 puertas con entrepa\u00f1o &#8211; MASTER"},"content":{"rendered":"<p data-start=\"437\" data-end=\"596\">El <strong data-start=\"440\" data-end=\"482\">Gabinete Base con Cajones L\u00ednea Master<\/strong> est\u00e1 dise\u00f1ado para ofrecer almacenamiento de alto rendimiento en entornos industriales y profesionales exigentes.<\/p>\n<p data-start=\"598\" data-end=\"814\">Fabricado en <strong data-start=\"611\" data-end=\"631\">acero calibre 18<\/strong>, proporciona una estructura s\u00f3lida y mayor estabilidad estructural. Sus cajones robustos permiten organizar herramientas, repuestos e insumos de trabajo de manera eficiente y segura.<\/p>\n<p data-start=\"816\" data-end=\"1101\">Su dise\u00f1o reforzado soporta cargas elevadas sin comprometer el deslizamiento ni la estabilidad del gabinete. El acabado en <strong data-start=\"939\" data-end=\"965\">pintura electrost\u00e1tica<\/strong> protege contra la corrosi\u00f3n, impactos y desgaste por uso continuo, asegurando larga vida \u00fatil incluso en talleres y \u00e1reas industriales.<\/p>\n<p data-start=\"1103\" data-end=\"1204\">Ideal para garajes, estudios detail, talleres, bodegas, industria, oficinas, escuelas y laboratorios.<\/p>\n<h2 data-start=\"1211\" data-end=\"1243\">Especificaciones t\u00e9cnicas:<\/h2>\n<ul data-start=\"1245\" data-end=\"1558\">\n<li data-start=\"1245\" data-end=\"1308\">\n<p data-start=\"1247\" data-end=\"1308\">Dimensiones: <strong data-start=\"1260\" data-end=\"1308\">68 cm ancho x 53 cm profundidad x 86 cm alto<\/strong><\/p>\n<\/li>\n<li data-start=\"1309\" data-end=\"1337\">\n<p data-start=\"1311\" data-end=\"1337\">Material: Acero calibre 18<\/p>\n<\/li>\n<li data-start=\"1338\" data-end=\"1379\">\n<p data-start=\"1340\" data-end=\"1379\">Capacidad de carga por caj\u00f3n: <strong data-start=\"1370\" data-end=\"1379\">54 kg<\/strong><\/p>\n<\/li>\n<li data-start=\"1380\" data-end=\"1418\">\n<p data-start=\"1382\" data-end=\"1418\">Capacidad de carga total: <strong data-start=\"1408\" data-end=\"1418\">272 kg<\/strong><\/p>\n<\/li>\n<li data-start=\"1419\" data-end=\"1439\">\n<p data-start=\"1421\" data-end=\"1439\">Cajones reforzados<\/p>\n<\/li>\n<li data-start=\"1440\" data-end=\"1471\">\n<p data-start=\"1442\" data-end=\"1471\">Mayor estabilidad estructural<\/p>\n<\/li>\n<li data-start=\"1472\" data-end=\"1505\">\n<p data-start=\"1474\" data-end=\"1505\">Acabado: Pintura electrost\u00e1tica<\/p>\n<\/li>\n<li data-start=\"1506\" data-end=\"1558\">\n<p data-start=\"1508\" data-end=\"1558\">Colores disponibles: Variados seg\u00fan disponibilidad<\/p>\n<\/li>\n<\/ul>","protected":false},"excerpt":{"rendered":"<p>El Gabinete Base con Cajones L\u00ednea Master est\u00e1 dise\u00f1ado para ofrecer almacenamiento de alto rendimiento en entornos industriales y profesionales exigentes. Fabricado en acero calibre 18, proporciona una estructura s\u00f3lida y mayor estabilidad estructural. Sus cajones robustos permiten organizar herramientas, repuestos e insumos de trabajo de manera eficiente y segura. Su dise\u00f1o reforzado soporta cargas elevadas sin comprometer el deslizamiento ni la estabilidad del gabinete. El acabado en pintura electrost\u00e1tica protege contra la corrosi\u00f3n, impactos y desgaste por uso continuo, asegurando larga vida \u00fatil incluso en talleres y \u00e1reas industriales. Ideal para garajes, estudios detail, talleres, bodegas, industria, oficinas, escuelas y laboratorios. Especificaciones t\u00e9cnicas: Dimensiones: 68 cm ancho x 53 cm profundidad x 86 cm alto Material: Acero calibre 18 Capacidad de carga por caj\u00f3n: 54 kg Capacidad de carga total: 272 kg Cajones reforzados Mayor estabilidad estructural Acabado: Pintura electrost\u00e1tica Colores disponibles: Variados seg\u00fan disponibilidad<\/p>","protected":false},"featured_media":4161,"comment_status":"open","ping_status":"closed","template":"","meta":[],"product_brand":[],"product_cat":[77,61],"product_tag":[],"class_list":{"0":"post-3539","1":"product","2":"type-product","3":"status-publish","4":"has-post-thumbnail","6":"product_cat-gabinetes-master","7":"product_cat-master","8":"description-off","10":"first","11":"instock","12":"shipping-taxable","13":"purchasable","14":"product-type-simple"},"_links":{"self":[{"href":"https:\/\/starkguard.com\/en\/wp-json\/wp\/v2\/product\/3539","targetHints":{"allow":["GET"]}}],"collection":[{"href":"https:\/\/starkguard.com\/en\/wp-json\/wp\/v2\/product"}],"about":[{"href":"https:\/\/starkguard.com\/en\/wp-json\/wp\/v2\/types\/product"}],"replies":[{"embeddable":true,"href":"https:\/\/starkguard.com\/en\/wp-json\/wp\/v2\/comments?post=3539"}],"version-history":[{"count":1,"href":"https:\/\/starkguard.com\/en\/wp-json\/wp\/v2\/product\/3539\/revisions"}],"predecessor-version":[{"id":3541,"href":"https:\/\/starkguard.com\/en\/wp-json\/wp\/v2\/product\/3539\/revisions\/3541"}],"wp:featuredmedia":[{"embeddable":true,"href":"https:\/\/starkguard.com\/en\/wp-json\/wp\/v2\/media\/4161"}],"wp:attachment":[{"href":"https:\/\/starkguard.com\/en\/wp-json\/wp\/v2\/media?parent=3539"}],"wp:term":[{"taxonomy":"product_brand","embeddable":true,"href":"https:\/\/starkguard.com\/en\/wp-json\/wp\/v2\/product_brand?post=3539"},{"taxonomy":"product_cat","embeddable":true,"href":"https:\/\/starkguard.com\/en\/wp-json\/wp\/v2\/product_cat?post=3539"},{"taxonomy":"product_tag","embeddable":true,"href":"https:\/\/starkguard.com\/en\/wp-json\/wp\/v2\/product_tag?post=3539"}],"curies":[{"name":"wp","href":"https:\/\/api.w.org\/{rel}","templated":true}]}}